{"id":1141,"date":"2020-09-01T11:02:42","date_gmt":"2020-09-01T11:02:42","guid":{"rendered":"http:\/\/https:\/\/www.wp.cheqsite.de\/?page_id=1141"},"modified":"2023-09-18T13:04:59","modified_gmt":"2023-09-18T13:04:59","slug":"baumaschinen","status":"publish","type":"page","link":"https:\/\/www.cheqsite.de\/de\/checklists\/baumaschinen\/","title":{"rendered":"Baumaschinen"},"content":{"rendered":"<div id=\"et-boc\" class=\"et-boc\">\n\t\t\t\n\t\t<div class=\"et-l et-l--post\">\n\t\t\t<div class=\"et_builder_inner_content et_pb_gutters3\">\n\t\t<div id=\"cqs_section_hero\" class=\"et_pb_section et_pb_section_1 debug_class2 et_pb_with_background  et_pb_css_mix_blend_mode et_section_regular\" >\n\t\t\t\t\n\t\t\t\t\n\t\t\t\t\n\t\t\t\t\n\t\t\t\t\t\n\t\t\t\t\n\t\t\t\t\n\t\t\t<\/div> <!-- .et_pb_section --><div id=\"cqs_section\" class=\"et_pb_section et_pb_section_2  et_pb_css_mix_blend_mode et_section_regular\" >\n\t\t\t\t\n\t\t\t\t\n\t\t\t\t\n\t\t\t\t\n\t\t\t\t\t<div id=\"ild_row_header\" class=\"et_pb_row et_pb_row_0  et_pb_css_mix_blend_mode\">\n\t\t\t\t<div class=\"et_pb_column et_pb_column_3_5 et_pb_column_0  et_pb_css_mix_blend_mode\">\n\t\t\t\t\n\t\t\t\t\n\t\t\t\t<div id=\"box_logotitle\" class=\"et_pb_module et_pb_blurb et_pb_blurb_0 debug_class2  et_pb_text_align_left  et_pb_blurb_position_left et_pb_bg_layout_light\">\n\t\t\t\t\n\t\t\t\t\n\t\t\t\t<div class=\"et_pb_blurb_content\">\n\t\t\t\t\t<div class=\"et_pb_main_blurb_image et_pb_css_mix_blend_mode\"><span class=\"et_pb_image_wrap\"><img decoding=\"async\" src=\"\/wp-content\/\/uploads\/2021\/06\/app_icon_constructionmachinery_small.png\" alt=\"\" class=\"et-waypoint et_pb_animation_off et_pb_animation_off_tablet et_pb_animation_off_phone\" \/><\/span><\/div>\n\t\t\t\t\t<div class=\"et_pb_blurb_container\">\n\t\t\t\t\t\t<h1 class=\"et_pb_module_header\"><span>Baumaschinen<\/span><\/h1>\n\t\t\t\t\t\t<div class=\"et_pb_blurb_description\"><h2>Pr\u00fcfung u.a. nach DGUV 500-100 Kapitel 2.12<\/h2><\/div>\n\t\t\t\t\t<\/div>\n\t\t\t\t<\/div> <!-- .et_pb_blurb_content -->\n\t\t\t<\/div> <!-- .et_pb_blurb --><div class=\"et_pb_module et_pb_text et_pb_text_0 debug_class  et_pb_text_align_left et_pb_bg_layout_light\">\n\t\t\t\t\n\t\t\t\t\n\t\t\t\t<div class=\"et_pb_text_inner\"><h3>Pr\u00fcfprotokolle herunterladen<\/h3><\/div>\n\t\t\t<\/div> <!-- .et_pb_text --><div id=\"default_text\" class=\"et_pb_module et_pb_text et_pb_text_1  et_pb_text_align_left et_pb_bg_layout_light\">\n\t\t\t\t\n\t\t\t\t\n\t\t\t\t<div class=\"et_pb_text_inner\"><p>Enthaltene Vorlagen \/ Pr\u00fcflisten: Baggerlader, Grabenfr\u00e4se, Grader, Lader, Mobilbagger, Muldenfahrzeug, M\u00fcllverdichter, Raupenbagger, Rohrleger, Scraper, Seilbagger, Stra\u00dfenbaumaschine, Zugmaschine<\/p><\/div>\n\t\t\t<\/div> <!-- .et_pb_text --><div id=\"default_text\" class=\"et_pb_module et_pb_text et_pb_text_2  et_pb_text_align_left et_pb_bg_layout_light\">\n\t\t\t\t\n\t\t\t\t\n\t\t\t\t<div class=\"et_pb_text_inner\">Laden Sie Sich hier kostenlose Musterprotokolle f\u00fcr die Pr\u00fcfung von Baumaschinen herunter. Reduzieren Sie Ihren Pr\u00fcfaufwand um bis zu 70%, indem Sie die Pr\u00fcfung mit den schlanken Apps von <em>CHEQSITE<\/em>. <a href=\"\/de\/apps\/baumaschinen\/\">Weitere Infos&#8230;<\/a><\/div>\n\t\t\t<\/div> <!-- .et_pb_text -->\n\t\t\t<\/div> <!-- .et_pb_column --><div class=\"et_pb_column et_pb_column_2_5 et_pb_column_1  et_pb_css_mix_blend_mode et-last-child\">\n\t\t\t\t\n\t\t\t\t\n\t\t\t\t<div class=\"et_pb_button_module_wrapper et_pb_button_0_wrapper et_pb_button_alignment_center et_pb_module \">\n\t\t\t\t<a id=\"hero_button\" class=\"et_pb_button et_pb_button_0 debug_class2 et_animated et_pb_bg_layout_light\" href=\"\/checklists-herunterladen\/?field=constructionmachinery\">VORLAGE HERUNTERLADEN<\/a>\n\t\t\t<\/div><div class=\"et_pb_module et_pb_image et_pb_image_0 debug_class2\">\n\t\t\t\t\n\t\t\t\t\n\t\t\t\t<a href=\"https:\/\/play.google.com\/store\/apps\/details?id=com.cheqsite.constructionmachinery\" target=\"_blank\"><span class=\"et_pb_image_wrap \"><img loading=\"lazy\" decoding=\"async\" width=\"337\" height=\"95\" src=\"https:\/\/www.cheqsite.de\/wp-content\/uploads\/2023\/09\/Google-1.png\" alt=\"\" title=\"Arbeitsmittel Pr\u00fcfung - Apps auf Google Play\" srcset=\"https:\/\/www.cheqsite.de\/wp-content\/uploads\/2023\/09\/Google-1.png 337w, https:\/\/www.cheqsite.de\/wp-content\/uploads\/2023\/09\/Google-1-300x85.png 300w\" sizes=\"auto, (max-width: 337px) 100vw, 337px\" class=\"wp-image-21596\" \/><\/span><\/a>\n\t\t\t<\/div><div class=\"et_pb_module et_pb_image et_pb_image_1 debug_class et_pb_image_sticky\">\n\t\t\t\t\n\t\t\t\t\n\t\t\t\t<a href=\"\/de\/testkonto-erstellen\" target=\"_blank\"><span class=\"et_pb_image_wrap \"><img loading=\"lazy\" decoding=\"async\" width=\"337\" height=\"95\" src=\"https:\/\/www.cheqsite.de\/wp-content\/uploads\/2023\/09\/Apple-1.png\" alt=\"CHEQSITE Apps in Apple Appstore\" title=\"Download on the Apple Store\" srcset=\"https:\/\/www.cheqsite.de\/wp-content\/uploads\/2023\/09\/Apple-1.png 337w, https:\/\/www.cheqsite.de\/wp-content\/uploads\/2023\/09\/Apple-1-300x85.png 300w\" sizes=\"auto, (max-width: 337px) 100vw, 337px\" class=\"wp-image-21591\" \/><\/span><\/a>\n\t\t\t<\/div><div class=\"et_pb_module et_pb_image et_pb_image_2 debug_class et_pb_image_sticky\">\n\t\t\t\t\n\t\t\t\t\n\t\t\t\t<a href=\"\/de\/pc-desktop-app-cmu\" target=\"_blank\"><span class=\"et_pb_image_wrap \"><img loading=\"lazy\" decoding=\"async\" width=\"337\" height=\"95\" src=\"https:\/\/www.cheqsite.de\/wp-content\/uploads\/2023\/09\/Desktop-1.png\" alt=\"\" title=\"Download Desktop PC\" srcset=\"https:\/\/www.cheqsite.de\/wp-content\/uploads\/2023\/09\/Desktop-1.png 337w, https:\/\/www.cheqsite.de\/wp-content\/uploads\/2023\/09\/Desktop-1-300x85.png 300w\" sizes=\"auto, (max-width: 337px) 100vw, 337px\" class=\"wp-image-21589\" \/><\/span><\/a>\n\t\t\t<\/div>\n\t\t\t<\/div> <!-- .et_pb_column -->\n\t\t\t\t\n\t\t\t\t\n\t\t\t<\/div> <!-- .et_pb_row -->\n\t\t\t\t\n\t\t\t\t\n\t\t\t<\/div> <!-- .et_pb_section --><div id=\"cqs_section\" class=\"et_pb_section et_pb_section_3  et_pb_css_mix_blend_mode et_section_regular\" >\n\t\t\t\t\n\t\t\t\t\n\t\t\t\t\n\t\t\t\t\n\t\t\t\t\t<div id=\"ild_row_inspectionlist\" class=\"et_pb_row et_pb_row_1  et_pb_css_mix_blend_mode\">\n\t\t\t\t<div class=\"et_pb_column et_pb_column_1_2 et_pb_column_2  et_pb_css_mix_blend_mode\">\n\t\t\t\t\n\t\t\t\t\n\t\t\t\t<div id=\"ild_inspectionlist_text\" class=\"et_pb_module et_pb_text et_pb_text_3 custom_bullets_wpcc, custom_bullets_wpcc--check debug_class2  et_pb_text_align_left et_pb_bg_layout_light\">\n\t\t\t\t\n\t\t\t\t\n\t\t\t\t<div class=\"et_pb_text_inner\"><h3>Checkliste \/ Vorlage<\/h3>\n<h5>Beispiel: Raupenbagger - Pr\u00fcfung nach DGUV 500-100 Kapitel 2.12<\/h5>\n<div class=\"vorlage_vorschau\">\n<p class=\"vorlage_header\">ATTRIBUTE<\/p>\n<ul class=\"ul_vorlage\">\n<li>Standort<\/li>\n<li>Firmen-Inventar-Nr.<\/li>\n<li>Fabrik, Serien-Nr.<\/li>\n<li>Hersteller<\/li>\n<li>Nenntragf\u00e4higkeit (t)<\/li>\n<li>Betriebsstunden<\/li>\n<li>...<\/li>\n<\/ul>\n<p class=\"vorlage_header\">DOKUMENTATION \/ KENNZEICHNUNG<\/p>\n<p class=\"vorlage_subheader\">Vorhanden und lesbar<\/p>\n<ul class=\"ul_vorlage\">\n<li>Betriebsanleitungen - Maschine<\/li>\n<li>Betriebsanleitungen - Zusatzausr\u00fcstungen<\/li>\n<li>Hublastdiagramme, Traglasttabellen<\/li>\n<li>Konformit\u00e4tserkl\u00e4rung, CE-Kennzeichnung<\/li>\n<li>Pr\u00fcfbuch durchgehend gef\u00fchrt<\/li>\n<li>...<\/li>\n<\/ul>\n<p class=\"vorlage_header\">RAHMEN<\/p>\n<p class=\"vorlage_subheader\">Vollst\u00e4ndigkeit, Zustand, Befestigung, Funktion<\/p>\n<ul class=\"ul_vorlage\">\n<li>Struktur<\/li>\n<li>Bolzen, Lager, Drehverbindungen<\/li>\n<li>Gegengewichte, Gegengewichtshalterungen<\/li>\n<li>Verkleidung<\/li>\n<li>...<\/li>\n<\/ul>\n<p class=\"vorlage_header\">RAHMEN - KOTFL\u00dcGEL<\/p>\n<p class=\"vorlage_subheader\">Vollst\u00e4ndigkeit, Zustand, Befestigung, Funktion<\/p>\n<ul class=\"ul_vorlage\">\n<li>Abnehmbar, beweglich<\/li>\n<li>Arretierung<\/li>\n<li>Verschl\u00fcsse<\/li>\n<li>Verkehrswege - Rutschfestigkeit<\/li>\n<li>...<\/li>\n<\/ul>\n<p class=\"vorlage_header\">...<\/p>\n<\/div>\n<\/div>\n\t\t\t<\/div> <!-- .et_pb_text -->\n\t\t\t<\/div> <!-- .et_pb_column --><div class=\"et_pb_column et_pb_column_1_2 et_pb_column_3  et_pb_css_mix_blend_mode et-last-child\">\n\t\t\t\t\n\t\t\t\t\n\t\t\t\t<div id=\"ild_inspectionlist_img\" class=\"et_pb_module et_pb_image et_pb_image_3 debug_class2 et_pb_image_sticky\">\n\t\t\t\t\n\t\t\t\t\n\t\t\t\t<span class=\"et_pb_image_wrap \"><img decoding=\"async\" src=\"\/wp-content\/\/uploads\/2021\/01\/pruefprotokoll_bericht_checkliste_dokumentation_baumaschinen.png\" alt=\"Baumaschinen Mustervorlage Protokoll Pr\u00fcfliste\" title=\"Baumaschinen Mustervorlage Protokoll Pr\u00fcfliste\" \/><\/span>\n\t\t\t<\/div>\n\t\t\t<\/div> <!-- .et_pb_column -->\n\t\t\t\t\n\t\t\t\t\n\t\t\t<\/div> <!-- .et_pb_row -->\n\t\t\t\t\n\t\t\t\t\n\t\t\t<\/div> <!-- .et_pb_section --><div id=\"cqs_section\" class=\"et_pb_section et_pb_section_4 et_pb_with_background  et_pb_css_mix_blend_mode et_section_regular\" >\n\t\t\t\t\n\t\t\t\t\n\t\t\t\t\n\t\t\t\t\n\t\t\t\t\t<div id=\"ild_row_onlineseminar\" class=\"et_pb_row et_pb_row_2  et_pb_css_mix_blend_mode\">\n\t\t\t\t<div class=\"et_pb_column et_pb_column_4_4 et_pb_column_4  et_pb_css_mix_blend_mode et-last-child\">\n\t\t\t\t\n\t\t\t\t\n\t\t\t\t<div id=\"default_text\" class=\"et_pb_module et_pb_text et_pb_text_4 debug_class  et_pb_text_align_center et_pb_bg_layout_light\">\n\t\t\t\t\n\t\t\t\t\n\t\t\t\t<div class=\"et_pb_text_inner\"><h3>Online Seminare<\/h3>\n<\/div>\n\t\t\t<\/div> <!-- .et_pb_text --><div id=\"default_text\" class=\"et_pb_module et_pb_text et_pb_text_5 debug_class  et_pb_text_align_center et_pb_bg_layout_light\">\n\t\t\t\t\n\t\t\t\t\n\t\t\t\t<div class=\"et_pb_text_inner\"><p>F\u00fcr alle die noch kein Smartphone oder Tablet im Einsatz haben, bieten wir kostenlose Online-Seminare an, in den wir den Umgang mit den <em>CHEQSITE<\/em> Apps anschaulich erl\u00e4utern. Sie sind herzlich eingeladen auch Ihre Kollege, die selbst auch Pr\u00fcfungen durchf\u00fchren oder Pr\u00fcfberichte nachbearbeiten, in die Online-Seminare mit einzuladen. Wir freuen uns auf eine Zusammenarbeit.<\/p>\n<\/div>\n\t\t\t<\/div> <!-- .et_pb_text --><div class=\"et_pb_button_module_wrapper et_pb_button_1_wrapper et_pb_button_alignment_center et_pb_module \">\n\t\t\t\t<a id=\"hero_button\" class=\"et_pb_button et_pb_button_1 debug_class et_animated et_pb_bg_layout_light\" href=\"\/de\/online-seminare\/\">JETZT ANMELDEN<\/a>\n\t\t\t<\/div>\n\t\t\t<\/div> <!-- .et_pb_column -->\n\t\t\t\t\n\t\t\t\t\n\t\t\t<\/div> <!-- .et_pb_row -->\n\t\t\t\t\n\t\t\t\t\n\t\t\t<\/div> <!-- .et_pb_section -->\t\t<\/div><!-- .et_builder_inner_content -->\n\t<\/div><!-- .et-l -->\n\t\n\t\t\t\n\t\t<\/div><!-- #et-boc -->\n\t\t","protected":false},"excerpt":{"rendered":"<p>Baumaschinen &#8211; Pr\u00fcfung u.a. nach DGUV 500-100 Kapitel 2.12 | Enthaltene Vorlagen \/ Pr\u00fcflisten: Baggerlader, Grabenfr\u00e4se, Lader, Mobilbagger, Muldenfahrzeug, u.v.m.<\/p>\n","protected":false},"author":8,"featured_media":0,"parent":1113,"menu_order":0,"comment_status":"closed","ping_status":"closed","template":"","meta":{"_et_pb_use_builder":"on","_et_pb_old_content":"","_et_gb_content_width":"","_monsterinsights_skip_tracking":false,"_monsterinsights_sitenote_active":false,"_monsterinsights_sitenote_note":"","_monsterinsights_sitenote_category":0,"footnotes":""},"wf_page_folders":[56],"class_list":["post-1141","page","type-page","status-publish","hentry"],"yoast_head":"<!-- This site is optimized with the Yoast SEO plugin v26.9 - https:\/\/yoast.com\/product\/yoast-seo-wordpress\/ -->\n<title>Checkliste f\u00fcr die Pr\u00fcfung von Baumaschinen - CHEQSITE<\/title>\n<meta name=\"description\" content=\"Baumaschinen - Pr\u00fcfung u.a. nach DGUV 500-100 Kapitel 2.12 | Enthaltene Vorlagen \/ Pr\u00fcflisten: Baggerlader, Grabenfr\u00e4se, Lader, Mobilbagger, Muldenfahrzeug, u.v.m.\" \/>\n<meta name=\"robots\" content=\"index, follow, max-snippet:-1, max-image-preview:large, max-video-preview:-1\" \/>\n<link rel=\"canonical\" href=\"https:\/\/www.cheqsite.de\/de\/checklists\/baumaschinen\/\" \/>\n<meta property=\"og:locale\" content=\"de_DE\" \/>\n<meta property=\"og:type\" content=\"article\" \/>\n<meta property=\"og:title\" content=\"Checkliste f\u00fcr die Pr\u00fcfung von Baumaschinen - CHEQSITE\" \/>\n<meta property=\"og:description\" content=\"Baumaschinen - Pr\u00fcfung u.a. nach DGUV 500-100 Kapitel 2.12 | Enthaltene Vorlagen \/ Pr\u00fcflisten: Baggerlader, Grabenfr\u00e4se, Lader, Mobilbagger, Muldenfahrzeug, u.v.m.\" \/>\n<meta property=\"og:url\" content=\"https:\/\/www.cheqsite.de\/de\/checklists\/baumaschinen\/\" \/>\n<meta property=\"og:site_name\" content=\"Cheqsite\" \/>\n<meta property=\"article:modified_time\" content=\"2023-09-18T13:04:59+00:00\" \/>\n<meta name=\"twitter:card\" content=\"summary_large_image\" \/>\n<meta name=\"twitter:label1\" content=\"Gesch\u00e4tzte Lesezeit\" \/>\n\t<meta name=\"twitter:data1\" content=\"3\u00a0Minuten\" \/>\n<script type=\"application\/ld+json\" class=\"yoast-schema-graph\">{\"@context\":\"https:\/\/schema.org\",\"@graph\":[{\"@type\":\"WebPage\",\"@id\":\"https:\/\/www.cheqsite.de\/de\/checklists\/baumaschinen\/\",\"url\":\"https:\/\/www.cheqsite.de\/de\/checklists\/baumaschinen\/\",\"name\":\"Checkliste f\u00fcr die Pr\u00fcfung von Baumaschinen - CHEQSITE\",\"isPartOf\":{\"@id\":\"https:\/\/www.cheqsite.de\/de\/#website\"},\"datePublished\":\"2020-09-01T11:02:42+00:00\",\"dateModified\":\"2023-09-18T13:04:59+00:00\",\"description\":\"Baumaschinen - Pr\u00fcfung u.a. nach DGUV 500-100 Kapitel 2.12 | Enthaltene Vorlagen \/ Pr\u00fcflisten: Baggerlader, Grabenfr\u00e4se, Lader, Mobilbagger, Muldenfahrzeug, u.v.m.\",\"breadcrumb\":{\"@id\":\"https:\/\/www.cheqsite.de\/de\/checklists\/baumaschinen\/#breadcrumb\"},\"inLanguage\":\"de\",\"potentialAction\":[{\"@type\":\"ReadAction\",\"target\":[\"https:\/\/www.cheqsite.de\/de\/checklists\/baumaschinen\/\"]}]},{\"@type\":\"BreadcrumbList\",\"@id\":\"https:\/\/www.cheqsite.de\/de\/checklists\/baumaschinen\/#breadcrumb\",\"itemListElement\":[{\"@type\":\"ListItem\",\"position\":1,\"name\":\"Startseite\",\"item\":\"https:\/\/www.cheqsite.de\/de\/\"},{\"@type\":\"ListItem\",\"position\":2,\"name\":\"Pr\u00fcfprotokolle\",\"item\":\"https:\/\/www.cheqsite.de\/de\/checklists\/\"},{\"@type\":\"ListItem\",\"position\":3,\"name\":\"Baumaschinen\"}]},{\"@type\":\"WebSite\",\"@id\":\"https:\/\/www.cheqsite.de\/de\/#website\",\"url\":\"https:\/\/www.cheqsite.de\/de\/\",\"name\":\"Cheqsite\",\"description\":\"\",\"publisher\":{\"@id\":\"https:\/\/www.cheqsite.de\/de\/#organization\"},\"potentialAction\":[{\"@type\":\"SearchAction\",\"target\":{\"@type\":\"EntryPoint\",\"urlTemplate\":\"https:\/\/www.cheqsite.de\/de\/?s={search_term_string}\"},\"query-input\":{\"@type\":\"PropertyValueSpecification\",\"valueRequired\":true,\"valueName\":\"search_term_string\"}}],\"inLanguage\":\"de\"},{\"@type\":\"Organization\",\"@id\":\"https:\/\/www.cheqsite.de\/de\/#organization\",\"name\":\"Cheqsite\",\"url\":\"https:\/\/www.cheqsite.de\/de\/\",\"logo\":{\"@type\":\"ImageObject\",\"inLanguage\":\"de\",\"@id\":\"https:\/\/www.cheqsite.de\/de\/#\/schema\/logo\/image\/\",\"url\":\"https:\/\/www.cheqsite.de\/wp-content\/uploads\/2020\/08\/cropped-cheqsite.png\",\"contentUrl\":\"https:\/\/www.cheqsite.de\/wp-content\/uploads\/2020\/08\/cropped-cheqsite.png\",\"width\":441,\"height\":112,\"caption\":\"Cheqsite\"},\"image\":{\"@id\":\"https:\/\/www.cheqsite.de\/de\/#\/schema\/logo\/image\/\"},\"sameAs\":[\"https:\/\/www.youtube.com\/channel\/UCqOC0NkT4Jcq5ueEVHE6YHg\"]}]}<\/script>\n<!-- \/ Yoast SEO plugin. -->","yoast_head_json":{"title":"Checkliste f\u00fcr die Pr\u00fcfung von Baumaschinen - CHEQSITE","description":"Baumaschinen - Pr\u00fcfung u.a. nach DGUV 500-100 Kapitel 2.12 | Enthaltene Vorlagen \/ Pr\u00fcflisten: Baggerlader, Grabenfr\u00e4se, Lader, Mobilbagger, Muldenfahrzeug, u.v.m.","robots":{"index":"index","follow":"follow","max-snippet":"max-snippet:-1","max-image-preview":"max-image-preview:large","max-video-preview":"max-video-preview:-1"},"canonical":"https:\/\/www.cheqsite.de\/de\/checklists\/baumaschinen\/","og_locale":"de_DE","og_type":"article","og_title":"Checkliste f\u00fcr die Pr\u00fcfung von Baumaschinen - CHEQSITE","og_description":"Baumaschinen - Pr\u00fcfung u.a. nach DGUV 500-100 Kapitel 2.12 | Enthaltene Vorlagen \/ Pr\u00fcflisten: Baggerlader, Grabenfr\u00e4se, Lader, Mobilbagger, Muldenfahrzeug, u.v.m.","og_url":"https:\/\/www.cheqsite.de\/de\/checklists\/baumaschinen\/","og_site_name":"Cheqsite","article_modified_time":"2023-09-18T13:04:59+00:00","twitter_card":"summary_large_image","twitter_misc":{"Gesch\u00e4tzte Lesezeit":"3\u00a0Minuten"},"schema":{"@context":"https:\/\/schema.org","@graph":[{"@type":"WebPage","@id":"https:\/\/www.cheqsite.de\/de\/checklists\/baumaschinen\/","url":"https:\/\/www.cheqsite.de\/de\/checklists\/baumaschinen\/","name":"Checkliste f\u00fcr die Pr\u00fcfung von Baumaschinen - CHEQSITE","isPartOf":{"@id":"https:\/\/www.cheqsite.de\/de\/#website"},"datePublished":"2020-09-01T11:02:42+00:00","dateModified":"2023-09-18T13:04:59+00:00","description":"Baumaschinen - Pr\u00fcfung u.a. nach DGUV 500-100 Kapitel 2.12 | Enthaltene Vorlagen \/ Pr\u00fcflisten: Baggerlader, Grabenfr\u00e4se, Lader, Mobilbagger, Muldenfahrzeug, u.v.m.","breadcrumb":{"@id":"https:\/\/www.cheqsite.de\/de\/checklists\/baumaschinen\/#breadcrumb"},"inLanguage":"de","potentialAction":[{"@type":"ReadAction","target":["https:\/\/www.cheqsite.de\/de\/checklists\/baumaschinen\/"]}]},{"@type":"BreadcrumbList","@id":"https:\/\/www.cheqsite.de\/de\/checklists\/baumaschinen\/#breadcrumb","itemListElement":[{"@type":"ListItem","position":1,"name":"Startseite","item":"https:\/\/www.cheqsite.de\/de\/"},{"@type":"ListItem","position":2,"name":"Pr\u00fcfprotokolle","item":"https:\/\/www.cheqsite.de\/de\/checklists\/"},{"@type":"ListItem","position":3,"name":"Baumaschinen"}]},{"@type":"WebSite","@id":"https:\/\/www.cheqsite.de\/de\/#website","url":"https:\/\/www.cheqsite.de\/de\/","name":"Cheqsite","description":"","publisher":{"@id":"https:\/\/www.cheqsite.de\/de\/#organization"},"potentialAction":[{"@type":"SearchAction","target":{"@type":"EntryPoint","urlTemplate":"https:\/\/www.cheqsite.de\/de\/?s={search_term_string}"},"query-input":{"@type":"PropertyValueSpecification","valueRequired":true,"valueName":"search_term_string"}}],"inLanguage":"de"},{"@type":"Organization","@id":"https:\/\/www.cheqsite.de\/de\/#organization","name":"Cheqsite","url":"https:\/\/www.cheqsite.de\/de\/","logo":{"@type":"ImageObject","inLanguage":"de","@id":"https:\/\/www.cheqsite.de\/de\/#\/schema\/logo\/image\/","url":"https:\/\/www.cheqsite.de\/wp-content\/uploads\/2020\/08\/cropped-cheqsite.png","contentUrl":"https:\/\/www.cheqsite.de\/wp-content\/uploads\/2020\/08\/cropped-cheqsite.png","width":441,"height":112,"caption":"Cheqsite"},"image":{"@id":"https:\/\/www.cheqsite.de\/de\/#\/schema\/logo\/image\/"},"sameAs":["https:\/\/www.youtube.com\/channel\/UCqOC0NkT4Jcq5ueEVHE6YHg"]}]}},"_links":{"self":[{"href":"https:\/\/www.cheqsite.de\/de\/wp-json\/wp\/v2\/pages\/1141","targetHints":{"allow":["GET"]}}],"collection":[{"href":"https:\/\/www.cheqsite.de\/de\/wp-json\/wp\/v2\/pages"}],"about":[{"href":"https:\/\/www.cheqsite.de\/de\/wp-json\/wp\/v2\/types\/page"}],"author":[{"embeddable":true,"href":"https:\/\/www.cheqsite.de\/de\/wp-json\/wp\/v2\/users\/8"}],"replies":[{"embeddable":true,"href":"https:\/\/www.cheqsite.de\/de\/wp-json\/wp\/v2\/comments?post=1141"}],"version-history":[{"count":1,"href":"https:\/\/www.cheqsite.de\/de\/wp-json\/wp\/v2\/pages\/1141\/revisions"}],"predecessor-version":[{"id":22031,"href":"https:\/\/www.cheqsite.de\/de\/wp-json\/wp\/v2\/pages\/1141\/revisions\/22031"}],"up":[{"embeddable":true,"href":"https:\/\/www.cheqsite.de\/de\/wp-json\/wp\/v2\/pages\/1113"}],"wp:attachment":[{"href":"https:\/\/www.cheqsite.de\/de\/wp-json\/wp\/v2\/media?parent=1141"}],"wp:term":[{"taxonomy":"wf_page_folders","embeddable":true,"href":"https:\/\/www.cheqsite.de\/de\/wp-json\/wp\/v2\/wf_page_folders?post=1141"}],"curies":[{"name":"wp","href":"https:\/\/api.w.org\/{rel}","templated":true}]}}