{"id":1384,"date":"2020-09-03T13:57:33","date_gmt":"2020-09-03T13:57:33","guid":{"rendered":"https:\/\/www.wp.cheqsite.de\/?page_id=1384"},"modified":"2023-04-06T14:13:41","modified_gmt":"2023-04-06T14:13:41","slug":"online-seminare","status":"publish","type":"page","link":"https:\/\/www.cheqsite.de\/de\/online-seminare\/","title":{"rendered":"Online Seminare"},"content":{"rendered":"<div id=\"et-boc\" class=\"et-boc\">\n\t\t\t\n\t\t<div class=\"et-l et-l--post\">\n\t\t\t<div class=\"et_builder_inner_content et_pb_gutters3\">\n\t\t<div id=\"cqs_section\" class=\"et_pb_section et_pb_section_0 et_pb_with_background  et_pb_css_mix_blend_mode et_section_regular\" >\n\t\t\t\t\n\t\t\t\t\n\t\t\t\t\n\t\t\t\t\n\t\t\t\t\t<div id=\"article_row_header\" class=\"et_pb_row et_pb_row_0  et_pb_css_mix_blend_mode\">\n\t\t\t\t<div class=\"et_pb_column et_pb_column_1_2 et_pb_column_0  et_pb_css_mix_blend_mode\">\n\t\t\t\t\n\t\t\t\t\n\t\t\t\t<div class=\"et_pb_module et_pb_text et_pb_text_0  et_pb_text_align_left et_pb_bg_layout_light\">\n\t\t\t\t\n\t\t\t\t\n\t\t\t\t<div class=\"et_pb_text_inner\">ONLINE SEMINARE ANMELDUNG<\/div>\n\t\t\t<\/div> <!-- .et_pb_text -->\n\t\t\t<\/div> <!-- .et_pb_column --><div class=\"et_pb_column et_pb_column_1_2 et_pb_column_1  et_pb_css_mix_blend_mode et-last-child et_pb_column_empty\">\n\t\t\t\t\n\t\t\t\t\n\t\t\t\t\n\t\t\t<\/div> <!-- .et_pb_column -->\n\t\t\t\t\n\t\t\t\t\n\t\t\t<\/div> <!-- .et_pb_row -->\n\t\t\t\t\n\t\t\t\t\n\t\t\t<\/div> <!-- .et_pb_section --><div id=\"cqs_section\" class=\"et_pb_section et_pb_section_1  et_pb_css_mix_blend_mode et_section_regular\" >\n\t\t\t\t\n\t\t\t\t\n\t\t\t\t\n\t\t\t\t\n\t\t\t\t\t<div id=\"article_row\" class=\"et_pb_row et_pb_row_1  et_pb_css_mix_blend_mode\">\n\t\t\t\t<div class=\"et_pb_column et_pb_column_3_4 et_pb_column_2  et_pb_css_mix_blend_mode\">\n\t\t\t\t\n\t\t\t\t\n\t\t\t\t<div id=\"contact_header\" class=\"et_pb_module et_pb_text et_pb_text_1 custom-header  et_pb_text_align_left et_pb_bg_layout_light\">\n\t\t\t\t\n\t\t\t\t\n\t\t\t\t<div class=\"et_pb_text_inner\"><h3><a style=\"color: #000000 !important;\">KONTAKTDATEN ANGEBEN<\/a><\/h3><\/div>\n\t\t\t<\/div> <!-- .et_pb_text --><div id=\"default_text\" class=\"et_pb_module et_pb_text et_pb_text_2  et_pb_text_align_left et_pb_bg_layout_light\">\n\t\t\t\t\n\t\t\t\t\n\t\t\t\t<div class=\"et_pb_text_inner\"><p>In einem 30 min\u00fctigen kostenlosen Online Seminar werden Ihnen die Vorteile und Funktionen der CHEQSITE-Apps f\u00fcr Arbeitsmittelpr\u00fcfungen erl\u00e4utert. Wenn Sie an einem Online Seminar teilnehmen m\u00f6chten, f\u00fcllen Sie bitte das folgende Formular aus. Sie bekommen 10 Minuten vor dem Seminar eine gesonderte Email mit den entsprechenden Zugangsdaten.<\/p><\/div>\n\t\t\t<\/div> <!-- .et_pb_text --><div class=\"et_pb_module et_pb_code et_pb_code_0\">\n\t\t\t\t\n\t\t\t\t\n\t\t\t\t<div class=\"et_pb_code_inner\">\t\t\t\t\t<script type=\"text\/javascript\">\n\t\t\t\t\t\tvar gCaptchaSibWidget;\n                        var onloadSibCallbackInvisible = function () {\n\n                            var element = document.getElementsByClassName('sib-default-btn');\n                            var countInvisible = 0;\n                            var indexArray = [];\n                            jQuery('.sib-default-btn').each(function (index, el) {\n                                if ((jQuery(el).attr('id') == \"invisible\")) {\n                                    indexArray[countInvisible] = index;\n                                    countInvisible++\n                                }\n                            });\n\n                            jQuery('.invi-recaptcha').each(function (index, el) {\n                                grecaptcha.render(element[indexArray[index]], {\n                                    'sitekey': jQuery(el).attr('data-sitekey'),\n                                    'callback': sibVerifyCallback,\n                                });\n                            });\n                        };\n\t\t\t\t\t<\/script>\n\t\t\t\t\t                <script src=\"https:\/\/www.google.com\/recaptcha\/api.js?onload=onloadSibCallbackInvisible&render=explicit\" async defer><\/script>\n\t\t\t\t\n\t\t\t<form id=\"sib_signup_form_22\" method=\"post\" class=\"sib_signup_form\">\n\t\t\t\t<div class=\"sib_loader\" style=\"display:none;\"><img\n\t\t\t\t\t\t\tsrc=\"https:\/\/www.cheqsite.de\/wp-includes\/images\/spinner.gif\" alt=\"loader\"><\/div>\n\t\t\t\t<input type=\"hidden\" name=\"sib_form_action\" value=\"subscribe_form_submit\">\n\t\t\t\t<input type=\"hidden\" name=\"sib_form_id\" value=\"22\">\n                <input type=\"hidden\" name=\"sib_form_alert_notice\" value=\"Bitte f\u00fcllen Sie dieses Feld aus.\">\n                <input type=\"hidden\" name=\"sib_form_invalid_email_notice\" value=\"Ihre Email Adresse ist ung\u00fcltig.\">\n                <input type=\"hidden\" name=\"sib_security\" value=\"ae3cbb05de\">\n\t\t\t\t<div class=\"sib_signup_box_inside_22\">\n\t\t\t\t\t<div style=\"\/*display:none*\/\" class=\"sib_msg_disp\">\n\t\t\t\t\t<\/div>\n                                            <div id=\"sib_captcha_invisible\" class=\"invi-recaptcha\" data-sitekey=\"6LfjQk4gAAAAAENeLMomQcVEw-KRfoUFBzw-xfI1\"><\/div>\n                    \t\t\t\t\t\r\n    \r\n    <style>\r\n    \r\n    * {\r\n  box-sizing: border-box;\r\n}\r\n    \r\n    .row{\r\n        margin-top: 10px;        \r\n    }\r\n    \r\n    .column1 {\r\n      float: left;\r\n      width: 30%;\r\n      pointer-events: none;\r\n    }\r\n\r\n    .columnterms {\r\n      float: left;\r\n      width: 30%;\r\n\r\n    }\r\n\r\n    .column2 {\r\n      float: left;\r\n      width: 70% ;\r\n    \r\n    }    \r\n\r\n    .row:after {\r\n      content: \"\";\r\n      display: table;\r\n      clear: both;\r\n    }\r\n    \r\n    .textlabel{\r\n        color:#424242;\r\n        font-size:15px;\r\n        vertical-align: middle;\r\n\r\n        font-family: 'Open Sans',sans-serif;\r\n        font-weight: none!important;\r\n\r\n    }    \r\n    \r\n    .inputfield{ \r\n        font-family: 'Open Sans',sans-serif;\r\n        width:80% !important; \r\n        max-width: 80% !important;\r\n        height:40px;\r\n        margin-top:0px;\r\n        margin-bottom:0px;\r\n        font-size:15px;\r\n    }\r\n    \r\n    .btn_confirm{\r\n        width: 80%;\r\n        height: 40px;\r\n        color:white;\r\n        background-color: rgb(193, 24, 228);\r\n        border: none;\r\n        margin-left: 43% !important;\r\n        padding-left: 0px;\r\n\r\n    }\r\n    \r\n    .text-field{        \r\n        max-width: 80%;\r\n        min-width: 80%;\r\n    }\r\n    \r\n    \r\n    .h3_order{\r\n        font-weight: normal !important;\r\n        font-size: 22px !important;\r\n        line-height: 1.5em !important;\r\n        margin-bottom: 0px !important;\r\n\r\n\r\n    }\r\n    \r\n    .subtitle{        \r\n        font-size: 14px;\r\n        color:#858d91;\r\n        margin-top: 0px;        \r\n    }\r\n    .textbold{\r\n        font-weight: bold !important;\r\n    }\r\n    \r\n        \r\n    .chkbox{\r\n        break-inside: avoid-column;\r\n    }\r\n    \r\n    \r\n    \r\n@media only screen and (max-width:980px){\r\n    \r\n        .btn_confirm{\r\n            width:140% !important;\r\n            max-width:140% !important;\r\n            margin-left: 0 !important;\r\n        }\r\n        \r\n        .inputfield{\r\n            width:140% !important; \r\n            max-width: 140% !important;\r\n        }\r\n        .column1{ \r\n            float:none;\r\n            padding-left: 2px;\r\n            line-height: 1.2em !important;\r\n            width: 100%;\r\n        }\r\n    \r\n        .text-field{\r\n            max-width: 140%;\r\n            min-width: 140%;            \r\n        }\r\n    \r\n    \r\n        .subtitle{        \r\n        margin-top: 0px;  \r\n        }\r\n\r\n        .columnterms{\r\n            width: 100%;\r\n        }\r\n\r\n        #termschkbox{\r\n            margin-left: -1px;\r\n        }\r\n    \r\n    \r\n           \r\n}\r\n    \r\n@media only screen and (max-width:585px){  \r\n     .column1 {\r\n      width: 100%;\r\n    }\r\n}\r\n<\/style>\r\n\r\n\r\n\r\n\r\n<div class=\"row\">\r\n<div class=\"column1\"><p style=\"padding-bottom:5px\"> \r\n    <label class=\"sib-firstname-label textlabel\">Name *<\/label> <\/div>\r\n<div class=\"column2\"><input type=\"text\" class=\"sib-NAME-area inputfield\" name=\"NAME\" required> <\/div>\r\n<\/div>\r\n\r\n\r\n<div class=\"row\">\r\n<div class=\"column1\"><p style=\"padding-bottom:5px\"> \r\n    <label class=\"sib-email-label textlabel\">E-Mail Adresse *<\/label> <\/div>\r\n<div class=\"column2\"><input type=\"email\" class=\"sib-email-area inputfield\" name=\"email\" required> <\/div>\r\n<\/div>\r\n\r\n<div class=\"row\">\r\n<div class=\"column1\"><p style=\"padding-bottom:5px\"> \r\n    <label class=\"sib-phone-label textlabel\">Telefonnummer *<\/label> <\/div>\r\n<div class=\"column2\"><input type=\"text\" class=\"sib-TELEFON-area inputfield\" name=\"TELEFON\" required> <\/div>\r\n<\/div>\r\n\r\n<div class=\"row\">\r\n<div class=\"column1\"><p style=\"padding-bottom:5px\"> \r\n    <label class=\"sib-order_message-label textlabel\">Nachricht *<\/label> <\/div>\r\n<div class=\"column2\"><textarea rows=\"5,\" cols=\"30\" class=\"sib-KONTAKTFORMULAR_MITTEILUNG-area inputfield text-field\" style=\"max-height: 400px;min-height: 200px;height: auto\" name=\"KONTAKTFORMULAR_MITTEILUNG\">\r\nSehr geehrtes CHEQSITE-Team,\r\n\r\ngerne m\u00f6chte ich an einem Online-Seminar teilnehmen.\r\n\r\nIch interessiere mich f\u00fcr folgende Themen: Bitte hier ausf\u00fcllen.\r\n\r\nMit freundlichen Gr\u00fc\u00dfen\r\n<\/textarea><\/div>\r\n    <\/div>\r\n\r\n<div class=\"row chkbox\">\r\n<div class=\"columnterms\">\r\n    <a id=\"terms\" href=\"\/de\/datenschutz\/\" target=\"_blank\">Datenschutz * <\/a>\r\n<\/div>\r\n<div class=\"column2terms\"><input type=\"checkbox\" id=\"termschkbox\" name=\"NUTZUNGSBEDINGUNGEN\" required><label for=\"termschkbox\" class=\"textlabel sib-NUTZUNGSBEDINGUNGEN-area\">Akzeptieren<\/label> <\/div>\r\n<\/div>\r\n\r\n<div class=\"row\">\r\n\r\n<div class=\"column1\"><\/div>\r\n<div class=\"column2\"><p>\r\n    <input type=\"submit\" id=\"invisible\" class=\"sib-default-btn btn_confirm\" value=\"ABSENDEN\" name=\"order_submitbtn\">\r\n<\/p><\/div>\r\n<\/div>\r\n\r\n<input type=\"hidden\" class=\"sib-LANGUAGE-area\" name=\"LANGUAGE\" value=\"de\">\t\t\t\t<\/div>\n\t\t\t<\/form>\n\t\t\t<style>\n\t\t\t\tform#sib_signup_form_22 p.sib-alert-message {\n    padding: 6px 12px;\n    margin-bottom: 20px;\n    border: 1px solid transparent;\n    border-radius: 4px;\n    -webkit-box-sizing: border-box;\n    -moz-box-sizing: border-box;\n    box-sizing: border-box;\n}\nform#sib_signup_form_22 p.sib-alert-message-error {\n    background-color: #f2dede;\n    border-color: #ebccd1;\n    color: #a94442;\n}\nform#sib_signup_form_22 p.sib-alert-message-success {\n    background-color: #dff0d8;\n    border-color: #d6e9c6;\n    color: #3c763d;\n}\nform#sib_signup_form_22 p.sib-alert-message-warning {\n    background-color: #fcf8e3;\n    border-color: #faebcc;\n    color: #8a6d3b;\n}\n\t\t\t<\/style>\n\t\t\t<\/div>\n\t\t\t<\/div> <!-- .et_pb_code -->\n\t\t\t<\/div> <!-- .et_pb_column --><div class=\"et_pb_column et_pb_column_1_4 et_pb_column_3  et_pb_css_mix_blend_mode et-last-child\">\n\t\t\t\t\n\t\t\t\t\n\t\t\t\t<div id=\"contact_header\" class=\"et_pb_module et_pb_text et_pb_text_3 custom-header  et_pb_text_align_left et_pb_bg_layout_light\">\n\t\t\t\t\n\t\t\t\t\n\t\t\t\t<div class=\"et_pb_text_inner\"><h3><a style=\"color: #000000 !important;\">KONTAKT<\/a><\/h3><\/div>\n\t\t\t<\/div> <!-- .et_pb_text --><div id=\"contact_box\" class=\"et_pb_module et_pb_text et_pb_text_4  et_pb_text_align_left et_pb_bg_layout_light\">\n\t\t\t\t\n\t\t\t\t\n\t\t\t\t<div class=\"et_pb_text_inner\"><div style=\"line-height: 200%;\"><i class=\"fas fa-building\" style=\"margin-right: 3px;\"><\/i> <strong><i> CHEQSITE<\/i> GmbH<\/strong><br \/><i class=\"fas fa-map-marker-alt\" style=\"margin-right: 3px;\"> <\/i><strong> Address:<\/strong>\u00a0 \u00a0Rudower Chaussee 29, 12489 Berlin<br \/><i class=\"fas fa-envelope\" style=\"margin-right: 3px;\"><\/i><strong> Email:<\/strong>\u00a0 \u00a0 \u00a0 \u00a0<a href=\"mailto:kontakt@cheqsite.de?Subject=Contact\" style=\"color: inherit !important;\" target=\"_top\" rel=\"noopener\">kontakt@cheqsite.de<\/a><br \/><i class=\"fas fa-phone-alt\" style=\"margin-right: 3px;\"><\/i><strong> Phone:<\/strong>\u00a0 \u00a0 +49 (0)30 233-202-32<\/div><\/div>\n\t\t\t<\/div> <!-- .et_pb_text -->\n\t\t\t<\/div> <!-- .et_pb_column -->\n\t\t\t\t\n\t\t\t\t\n\t\t\t<\/div> <!-- .et_pb_row -->\n\t\t\t\t\n\t\t\t\t\n\t\t\t<\/div> <!-- .et_pb_section -->\t\t<\/div><!-- .et_builder_inner_content -->\n\t<\/div><!-- .et-l -->\n\t\n\t\t\t\n\t\t<\/div><!-- #et-boc -->\n\t\t","protected":false},"excerpt":{"rendered":"","protected":false},"author":8,"featured_media":0,"parent":0,"menu_order":0,"comment_status":"closed","ping_status":"closed","template":"","meta":{"_et_pb_use_builder":"on","_et_pb_old_content":"","_et_gb_content_width":"","_monsterinsights_skip_tracking":false,"_monsterinsights_sitenote_active":false,"_monsterinsights_sitenote_note":"","_monsterinsights_sitenote_category":0,"footnotes":""},"wf_page_folders":[65],"class_list":["post-1384","page","type-page","status-publish","hentry"],"yoast_head":"<!-- This site is optimized with the Yoast SEO plugin v26.9 - https:\/\/yoast.com\/product\/yoast-seo-wordpress\/ -->\n<title>Online Seminare Anmeldung\u00a0-\u00a0CHEQSITE<\/title>\n<meta name=\"robots\" content=\"index, follow, max-snippet:-1, max-image-preview:large, max-video-preview:-1\" \/>\n<link rel=\"canonical\" href=\"https:\/\/www.cheqsite.de\/de\/online-seminare\/\" \/>\n<meta property=\"og:locale\" content=\"de_DE\" \/>\n<meta property=\"og:type\" content=\"article\" \/>\n<meta property=\"og:title\" content=\"Online Seminare Anmeldung\u00a0-\u00a0CHEQSITE\" \/>\n<meta property=\"og:description\" content=\"[et_pb_section fb_built=&#8220;1&#8243; module_id=&#8220;cqs_section&#8220; _builder_version=&#8220;4.9.7&#8243; _module_preset=&#8220;default&#8220; background_color=&#8220;#04b1e4&#8243; custom_padding=&#8220;20px||5px|||&#8220;][et_pb_row column_structure=&#8220;1_2,1_2&#8243; module_id=&#8220;article_row_header&#8220; _builder_version=&#8220;4.5.8&#8243; _module_preset=&#8220;default&#8220; background_image=&#8220;\/wp-content\/\/uploads\/2020\/08\/breadcrumbicons-web.png&#8220; background_size=&#8220;contain&#8220; width=&#8220;100%&#8220; min_height=&#8220;125px&#8220; custom_margin=&#8220;||||false|false&#8220; custom_padding=&#8220;||||false|false&#8220; custom_css_main_element=&#8220;display:flex;&#8220;][et_pb_column type=&#8220;1_2&#8243; _builder_version=&#8220;4.5.8&#8243; _module_preset=&#8220;default&#8220;][et_pb_text _builder_version=&#8220;4.7.7&#8243; _module_preset=&#8220;default&#8220; text_font=&#8220;Open Sans||||||||&#8220; text_text_color=&#8220;#ffffff&#8220; text_font_size=&#8220;20px&#8220; text_letter_spacing=&#8220;2px&#8220; width=&#8220;120%&#8220; custom_margin=&#8220;23px|-45px||||&#8220; custom_padding=&#8220;|100px||||&#8220;]ONLINE SEMINARE ANMELDUNG[\/et_pb_text][\/et_pb_column][et_pb_column type=&#8220;1_2&#8243; _builder_version=&#8220;4.5.8&#8243; _module_preset=&#8220;default&#8220;][\/et_pb_column][\/et_pb_row][\/et_pb_section][et_pb_section fb_built=&#8220;1&#8243; module_id=&#8220;cqs_section&#8220; _builder_version=&#8220;4.9.7&#8243; _module_preset=&#8220;default&#8220; custom_margin=&#8220;-10px|||||&#8220;][et_pb_row column_structure=&#8220;3_4,1_4&#8243; module_id=&#8220;article_row&#8220; _builder_version=&#8220;4.9.7&#8243; _module_preset=&#8220;default&#8220;][et_pb_column type=&#8220;3_4&#8243; _builder_version=&#8220;4.6.0&#8243; _module_preset=&#8220;default&#8220;][et_pb_text disabled_on=&#8220;off|off|off&#8220; module_id=&#8220;contact_header&#8220; module_class=&#8220;custom-header&#8220; _builder_version=&#8220;4.9.7&#8243; _module_preset=&#8220;default&#8220; width=&#8220;70%&#8220;] KONTAKTDATEN [&hellip;]\" \/>\n<meta property=\"og:url\" content=\"https:\/\/www.cheqsite.de\/de\/online-seminare\/\" \/>\n<meta property=\"og:site_name\" content=\"Cheqsite\" \/>\n<meta property=\"article:modified_time\" content=\"2023-04-06T14:13:41+00:00\" \/>\n<meta name=\"twitter:card\" content=\"summary_large_image\" \/>\n<meta name=\"twitter:label1\" content=\"Gesch\u00e4tzte Lesezeit\" \/>\n\t<meta name=\"twitter:data1\" content=\"1\u00a0Minute\" \/>\n<script type=\"application\/ld+json\" class=\"yoast-schema-graph\">{\"@context\":\"https:\/\/schema.org\",\"@graph\":[{\"@type\":\"WebPage\",\"@id\":\"https:\/\/www.cheqsite.de\/de\/online-seminare\/\",\"url\":\"https:\/\/www.cheqsite.de\/de\/online-seminare\/\",\"name\":\"Online Seminare Anmeldung\u00a0-\u00a0CHEQSITE\",\"isPartOf\":{\"@id\":\"https:\/\/www.cheqsite.de\/de\/#website\"},\"datePublished\":\"2020-09-03T13:57:33+00:00\",\"dateModified\":\"2023-04-06T14:13:41+00:00\",\"breadcrumb\":{\"@id\":\"https:\/\/www.cheqsite.de\/de\/online-seminare\/#breadcrumb\"},\"inLanguage\":\"de\",\"potentialAction\":[{\"@type\":\"ReadAction\",\"target\":[\"https:\/\/www.cheqsite.de\/de\/online-seminare\/\"]}]},{\"@type\":\"BreadcrumbList\",\"@id\":\"https:\/\/www.cheqsite.de\/de\/online-seminare\/#breadcrumb\",\"itemListElement\":[{\"@type\":\"ListItem\",\"position\":1,\"name\":\"Startseite\",\"item\":\"https:\/\/www.cheqsite.de\/de\/\"},{\"@type\":\"ListItem\",\"position\":2,\"name\":\"Online Seminare\"}]},{\"@type\":\"WebSite\",\"@id\":\"https:\/\/www.cheqsite.de\/de\/#website\",\"url\":\"https:\/\/www.cheqsite.de\/de\/\",\"name\":\"Cheqsite\",\"description\":\"\",\"publisher\":{\"@id\":\"https:\/\/www.cheqsite.de\/de\/#organization\"},\"potentialAction\":[{\"@type\":\"SearchAction\",\"target\":{\"@type\":\"EntryPoint\",\"urlTemplate\":\"https:\/\/www.cheqsite.de\/de\/?s={search_term_string}\"},\"query-input\":{\"@type\":\"PropertyValueSpecification\",\"valueRequired\":true,\"valueName\":\"search_term_string\"}}],\"inLanguage\":\"de\"},{\"@type\":\"Organization\",\"@id\":\"https:\/\/www.cheqsite.de\/de\/#organization\",\"name\":\"Cheqsite\",\"url\":\"https:\/\/www.cheqsite.de\/de\/\",\"logo\":{\"@type\":\"ImageObject\",\"inLanguage\":\"de\",\"@id\":\"https:\/\/www.cheqsite.de\/de\/#\/schema\/logo\/image\/\",\"url\":\"https:\/\/www.cheqsite.de\/wp-content\/uploads\/2020\/08\/cropped-cheqsite.png\",\"contentUrl\":\"https:\/\/www.cheqsite.de\/wp-content\/uploads\/2020\/08\/cropped-cheqsite.png\",\"width\":441,\"height\":112,\"caption\":\"Cheqsite\"},\"image\":{\"@id\":\"https:\/\/www.cheqsite.de\/de\/#\/schema\/logo\/image\/\"},\"sameAs\":[\"https:\/\/www.youtube.com\/channel\/UCqOC0NkT4Jcq5ueEVHE6YHg\"]}]}<\/script>\n<!-- \/ Yoast SEO plugin. -->","yoast_head_json":{"title":"Online Seminare Anmeldung\u00a0-\u00a0CHEQSITE","robots":{"index":"index","follow":"follow","max-snippet":"max-snippet:-1","max-image-preview":"max-image-preview:large","max-video-preview":"max-video-preview:-1"},"canonical":"https:\/\/www.cheqsite.de\/de\/online-seminare\/","og_locale":"de_DE","og_type":"article","og_title":"Online Seminare Anmeldung\u00a0-\u00a0CHEQSITE","og_description":"[et_pb_section fb_built=&#8220;1&#8243; module_id=&#8220;cqs_section&#8220; _builder_version=&#8220;4.9.7&#8243; _module_preset=&#8220;default&#8220; background_color=&#8220;#04b1e4&#8243; custom_padding=&#8220;20px||5px|||&#8220;][et_pb_row column_structure=&#8220;1_2,1_2&#8243; module_id=&#8220;article_row_header&#8220; _builder_version=&#8220;4.5.8&#8243; _module_preset=&#8220;default&#8220; background_image=&#8220;\/wp-content\/\/uploads\/2020\/08\/breadcrumbicons-web.png&#8220; background_size=&#8220;contain&#8220; width=&#8220;100%&#8220; min_height=&#8220;125px&#8220; custom_margin=&#8220;||||false|false&#8220; custom_padding=&#8220;||||false|false&#8220; custom_css_main_element=&#8220;display:flex;&#8220;][et_pb_column type=&#8220;1_2&#8243; _builder_version=&#8220;4.5.8&#8243; _module_preset=&#8220;default&#8220;][et_pb_text _builder_version=&#8220;4.7.7&#8243; _module_preset=&#8220;default&#8220; text_font=&#8220;Open Sans||||||||&#8220; text_text_color=&#8220;#ffffff&#8220; text_font_size=&#8220;20px&#8220; text_letter_spacing=&#8220;2px&#8220; width=&#8220;120%&#8220; custom_margin=&#8220;23px|-45px||||&#8220; custom_padding=&#8220;|100px||||&#8220;]ONLINE SEMINARE ANMELDUNG[\/et_pb_text][\/et_pb_column][et_pb_column type=&#8220;1_2&#8243; _builder_version=&#8220;4.5.8&#8243; _module_preset=&#8220;default&#8220;][\/et_pb_column][\/et_pb_row][\/et_pb_section][et_pb_section fb_built=&#8220;1&#8243; module_id=&#8220;cqs_section&#8220; _builder_version=&#8220;4.9.7&#8243; _module_preset=&#8220;default&#8220; custom_margin=&#8220;-10px|||||&#8220;][et_pb_row column_structure=&#8220;3_4,1_4&#8243; module_id=&#8220;article_row&#8220; _builder_version=&#8220;4.9.7&#8243; _module_preset=&#8220;default&#8220;][et_pb_column type=&#8220;3_4&#8243; _builder_version=&#8220;4.6.0&#8243; _module_preset=&#8220;default&#8220;][et_pb_text disabled_on=&#8220;off|off|off&#8220; module_id=&#8220;contact_header&#8220; module_class=&#8220;custom-header&#8220; _builder_version=&#8220;4.9.7&#8243; _module_preset=&#8220;default&#8220; width=&#8220;70%&#8220;] KONTAKTDATEN [&hellip;]","og_url":"https:\/\/www.cheqsite.de\/de\/online-seminare\/","og_site_name":"Cheqsite","article_modified_time":"2023-04-06T14:13:41+00:00","twitter_card":"summary_large_image","twitter_misc":{"Gesch\u00e4tzte Lesezeit":"1\u00a0Minute"},"schema":{"@context":"https:\/\/schema.org","@graph":[{"@type":"WebPage","@id":"https:\/\/www.cheqsite.de\/de\/online-seminare\/","url":"https:\/\/www.cheqsite.de\/de\/online-seminare\/","name":"Online Seminare Anmeldung\u00a0-\u00a0CHEQSITE","isPartOf":{"@id":"https:\/\/www.cheqsite.de\/de\/#website"},"datePublished":"2020-09-03T13:57:33+00:00","dateModified":"2023-04-06T14:13:41+00:00","breadcrumb":{"@id":"https:\/\/www.cheqsite.de\/de\/online-seminare\/#breadcrumb"},"inLanguage":"de","potentialAction":[{"@type":"ReadAction","target":["https:\/\/www.cheqsite.de\/de\/online-seminare\/"]}]},{"@type":"BreadcrumbList","@id":"https:\/\/www.cheqsite.de\/de\/online-seminare\/#breadcrumb","itemListElement":[{"@type":"ListItem","position":1,"name":"Startseite","item":"https:\/\/www.cheqsite.de\/de\/"},{"@type":"ListItem","position":2,"name":"Online Seminare"}]},{"@type":"WebSite","@id":"https:\/\/www.cheqsite.de\/de\/#website","url":"https:\/\/www.cheqsite.de\/de\/","name":"Cheqsite","description":"","publisher":{"@id":"https:\/\/www.cheqsite.de\/de\/#organization"},"potentialAction":[{"@type":"SearchAction","target":{"@type":"EntryPoint","urlTemplate":"https:\/\/www.cheqsite.de\/de\/?s={search_term_string}"},"query-input":{"@type":"PropertyValueSpecification","valueRequired":true,"valueName":"search_term_string"}}],"inLanguage":"de"},{"@type":"Organization","@id":"https:\/\/www.cheqsite.de\/de\/#organization","name":"Cheqsite","url":"https:\/\/www.cheqsite.de\/de\/","logo":{"@type":"ImageObject","inLanguage":"de","@id":"https:\/\/www.cheqsite.de\/de\/#\/schema\/logo\/image\/","url":"https:\/\/www.cheqsite.de\/wp-content\/uploads\/2020\/08\/cropped-cheqsite.png","contentUrl":"https:\/\/www.cheqsite.de\/wp-content\/uploads\/2020\/08\/cropped-cheqsite.png","width":441,"height":112,"caption":"Cheqsite"},"image":{"@id":"https:\/\/www.cheqsite.de\/de\/#\/schema\/logo\/image\/"},"sameAs":["https:\/\/www.youtube.com\/channel\/UCqOC0NkT4Jcq5ueEVHE6YHg"]}]}},"_links":{"self":[{"href":"https:\/\/www.cheqsite.de\/de\/wp-json\/wp\/v2\/pages\/1384","targetHints":{"allow":["GET"]}}],"collection":[{"href":"https:\/\/www.cheqsite.de\/de\/wp-json\/wp\/v2\/pages"}],"about":[{"href":"https:\/\/www.cheqsite.de\/de\/wp-json\/wp\/v2\/types\/page"}],"author":[{"embeddable":true,"href":"https:\/\/www.cheqsite.de\/de\/wp-json\/wp\/v2\/users\/8"}],"replies":[{"embeddable":true,"href":"https:\/\/www.cheqsite.de\/de\/wp-json\/wp\/v2\/comments?post=1384"}],"version-history":[{"count":2,"href":"https:\/\/www.cheqsite.de\/de\/wp-json\/wp\/v2\/pages\/1384\/revisions"}],"predecessor-version":[{"id":21462,"href":"https:\/\/www.cheqsite.de\/de\/wp-json\/wp\/v2\/pages\/1384\/revisions\/21462"}],"wp:attachment":[{"href":"https:\/\/www.cheqsite.de\/de\/wp-json\/wp\/v2\/media?parent=1384"}],"wp:term":[{"taxonomy":"wf_page_folders","embeddable":true,"href":"https:\/\/www.cheqsite.de\/de\/wp-json\/wp\/v2\/wf_page_folders?post=1384"}],"curies":[{"name":"wp","href":"https:\/\/api.w.org\/{rel}","templated":true}]}}