{"id":1464,"date":"2020-09-04T10:05:50","date_gmt":"2020-09-04T10:05:50","guid":{"rendered":"https:\/\/www.wp.cheqsite.de\/?page_id=1464"},"modified":"2022-04-28T14:47:48","modified_gmt":"2022-04-28T14:47:48","slug":"impressum","status":"publish","type":"page","link":"https:\/\/www.cheqsite.de\/de\/impressum\/","title":{"rendered":"Impressum"},"content":{"rendered":"<div id=\"et-boc\" class=\"et-boc\">\n\t\t\t\n\t\t<div class=\"et-l et-l--post\">\n\t\t\t<div class=\"et_builder_inner_content et_pb_gutters3\">\n\t\t<div id=\"cqs_section\" class=\"et_pb_section et_pb_section_0 et_pb_with_background  et_pb_css_mix_blend_mode et_section_regular\" >\n\t\t\t\t\n\t\t\t\t\n\t\t\t\t\n\t\t\t\t\n\t\t\t\t\t<div id=\"article_row_header\" class=\"et_pb_row et_pb_row_0  et_pb_css_mix_blend_mode\">\n\t\t\t\t<div class=\"et_pb_column et_pb_column_1_2 et_pb_column_0  et_pb_css_mix_blend_mode\">\n\t\t\t\t\n\t\t\t\t\n\t\t\t\t<div class=\"et_pb_module et_pb_text et_pb_text_0  et_pb_text_align_left et_pb_bg_layout_light\">\n\t\t\t\t\n\t\t\t\t\n\t\t\t\t<div class=\"et_pb_text_inner\">IMPRESSUM<\/div>\n\t\t\t<\/div> <!-- .et_pb_text -->\n\t\t\t<\/div> <!-- .et_pb_column --><div class=\"et_pb_column et_pb_column_1_2 et_pb_column_1  et_pb_css_mix_blend_mode et-last-child et_pb_column_empty\">\n\t\t\t\t\n\t\t\t\t\n\t\t\t\t\n\t\t\t<\/div> <!-- .et_pb_column -->\n\t\t\t\t\n\t\t\t\t\n\t\t\t<\/div> <!-- .et_pb_row -->\n\t\t\t\t\n\t\t\t\t\n\t\t\t<\/div> <!-- .et_pb_section --><div id=\"cqs_section\" class=\"et_pb_section et_pb_section_1  et_pb_css_mix_blend_mode et_section_regular\" >\n\t\t\t\t\n\t\t\t\t\n\t\t\t\t\n\t\t\t\t\n\t\t\t\t\t<div id=\"article_row\" class=\"et_pb_row et_pb_row_1  et_pb_css_mix_blend_mode\">\n\t\t\t\t<div class=\"et_pb_column et_pb_column_4_4 et_pb_column_2  et_pb_css_mix_blend_mode et-last-child\">\n\t\t\t\t\n\t\t\t\t\n\t\t\t\t<div class=\"et_pb_module et_pb_code et_pb_code_0\">\n\t\t\t\t\n\t\t\t\t\n\t\t\t\t<div class=\"et_pb_code_inner\"><div id=\"wpgmza_map\" class=\"wpgmza_map\" data-settings='{\"id\":\"1\",\"map_title\":\"New Map\",\"map_width\":\"100\",\"map_height\":\"400\",\"map_start_lat\":\"52.430241063727486\",\"map_start_lng\":\"13.528655385659038\",\"map_start_location\":\"45.950464398418106,-109.81550500000003\",\"map_start_zoom\":\"13\",\"default_marker\":\"\",\"type\":\"1\",\"alignment\":\"4\",\"directions_enabled\":\"0\",\"styling_enabled\":\"0\",\"styling_json\":\"\",\"active\":\"0\",\"kml\":\"\",\"bicycle\":\"0\",\"traffic\":\"0\",\"dbox\":\"0\",\"dbox_width\":\"\",\"listmarkers\":\"0\",\"listmarkers_advanced\":\"0\",\"filterbycat\":\"0\",\"ugm_enabled\":\"0\",\"ugm_category_enabled\":\"0\",\"fusion\":\"\",\"map_width_type\":\"%\",\"map_height_type\":\"px\",\"mass_marker_support\":\"0\",\"ugm_access\":\"0\",\"order_markers_by\":\"0\",\"order_markers_choice\":\"0\",\"show_user_location\":\"0\",\"default_to\":\"\",\"other_settings\":{\"map_type\":1,\"sl_stroke_color\":\"\",\"sl_fill_color\":\"\",\"sl_stroke_opacity\":\"\",\"sl_fill_opacity\":\"\",\"transport_layer\":false,\"action\":\"wpgmza_save_map\",\"redirect_to\":\"\\\/wp-admin\\\/admin-post.php\",\"map_id\":\"1\",\"http_referer\":\"\\\/wp-admin\\\/admin.php?page=wp-google-maps-menu&amp;amp;action=edit&amp;amp;map_id=1\",\"wpgmza_id\":\"1\",\"wpgmza_start_location\":\"52.430241063727486,13.528655385659038\",\"wpgmza_start_zoom\":\"13\",\"wpgmza_theme_data\":\"\",\"store_locator_enabled\":false,\"store_locator_search_area\":\"radial\",\"wpgmza_store_locator_radius_style\":\"legacy\",\"wpgmza_store_locator_default_radius\":\"10\",\"store_locator_auto_area_max_zoom\":\"\",\"store_locator_distance\":false,\"wpgmza_store_locator_position\":false,\"store_locator_show_distance\":false,\"store_locator_category\":false,\"wpgmza_store_locator_use_their_location\":false,\"wpgmza_store_locator_bounce\":false,\"wpgmza_sl_animation\":null,\"wpgmza_store_locator_hide_before_search\":false,\"store_locator_query_string\":\"\",\"store_locator_default_address\":\"\",\"store_locator_name_search\":false,\"store_locator_name_string\":\"\",\"store_locator_not_found_message\":\"\",\"wpgmza_map_align\":\"1\",\"jump_to_nearest_marker_on_initialization\":false,\"automatically_pan_to_users_location\":false,\"override_users_location_zoom_level\":false,\"override_users_location_zoom_levels\":\"\",\"show_distance_from_location\":false,\"map_max_zoom\":\"21\",\"map_min_zoom\":\"0\",\"click_open_link\":false,\"fit_maps_bounds_to_markers\":false,\"fit_maps_bounds_to_markers_after_filtering\":false,\"hide_point_of_interest\":false,\"wpgmza_zoom_on_marker_click\":false,\"wpgmza_zoom_on_marker_click_slider\":\"\",\"close_infowindow_on_map_click\":false,\"disable_lightbox_images\":false,\"use_Raw_Jpeg_Coordinates\":false,\"polygon_labels\":false,\"disable_polygon_info_windows\":false,\"enable_marker_ratings\":false,\"only_load_markers_within_viewport\":false,\"iw_primary_color\":\"#000000\",\"iw_accent_color\":\"#000000\",\"iw_text_color\":\"#000000\",\"wpgmza_listmarkers_by\":\"0\",\"wpgmza_marker_listing_position\":false,\"wpgmza_push_in_map\":false,\"wpgmza_push_in_map_placement\":null,\"wpgmza_push_in_map_width\":\"\",\"wpgmza_push_in_map_height\":\"\",\"zoom_level_on_marker_listing_override\":false,\"zoom_level_on_marker_listing_click\":\"\",\"datatable_no_result_message\":\"\",\"remove_search_box_datables\":false,\"dataTable_pagination_style\":null,\"datatable_search_string\":\"\",\"datatable_result_start\":\"\",\"datatable_result_of\":\"\",\"datatable_result_to\":\"\",\"datatable_result_total\":\"\",\"datatable_result_show\":\"\",\"datatable_result_entries\":\"\",\"wpgmza_savemap\":\"Save Map \\u00bb\"}}' data-map-id='1' Data-maps-engine='google-maps' data-shortcode-attributes='{\"id\":\"1\"}' style=\"display:block; overflow:auto; width:100%; height:400px; float:left;\"><\/div><\/div>\n\t\t\t<\/div> <!-- .et_pb_code -->\n\t\t\t<\/div> <!-- .et_pb_column -->\n\t\t\t\t\n\t\t\t\t\n\t\t\t<\/div> <!-- .et_pb_row -->\n\t\t\t\t\n\t\t\t\t\n\t\t\t<\/div> <!-- .et_pb_section --><div id=\"cqs_section\" class=\"et_pb_section et_pb_section_2  et_pb_css_mix_blend_mode et_section_regular\" >\n\t\t\t\t\n\t\t\t\t\n\t\t\t\t\n\t\t\t\t\n\t\t\t\t\t<div id=\"article_row\" class=\"et_pb_row et_pb_row_2  et_pb_css_mix_blend_mode\">\n\t\t\t\t<div class=\"et_pb_column et_pb_column_3_4 et_pb_column_3  et_pb_css_mix_blend_mode\">\n\t\t\t\t\n\t\t\t\t\n\t\t\t\t<div id=\"contact_header\" class=\"et_pb_module et_pb_text et_pb_text_1 custom-header  et_pb_text_align_left et_pb_bg_layout_light\">\n\t\t\t\t\n\t\t\t\t\n\t\t\t\t<div class=\"et_pb_text_inner\"><h3><a style=\"color: inherit;\">IMPRESSUM<\/a><\/h3><\/div>\n\t\t\t<\/div> <!-- .et_pb_text --><div id=\"default_text\" class=\"et_pb_module et_pb_text et_pb_text_2  et_pb_text_align_left et_pb_bg_layout_light\">\n\t\t\t\t\n\t\t\t\t\n\t\t\t\t<div class=\"et_pb_text_inner\"><p><strong>CHEQSITE GmbH<\/strong><br \/>Rudower Chaussee 29<br \/>D-12489 Berlin<br \/>Deutschland \/ Germany<\/p><\/div>\n\t\t\t<\/div> <!-- .et_pb_text --><div id=\"default_text\" class=\"et_pb_module et_pb_text et_pb_text_3  et_pb_text_align_left et_pb_bg_layout_light\">\n\t\t\t\t\n\t\t\t\t\n\t\t\t\t<div class=\"et_pb_text_inner\">Tel. +49 030 23320232<br \/>\n<a href=\"mailto:kontakt@cheqsite.de?Subject=Kontaktanfrage\">kontakt@cheqsite.de<\/a><br \/>\n<a href=\"https:\/\/www.cheqsite.de\/\" data-htmlarea-external=\"1\">www.cheqsite.de<\/a><\/div>\n\t\t\t<\/div> <!-- .et_pb_text --><div id=\"default_text\" class=\"et_pb_module et_pb_text et_pb_text_4  et_pb_text_align_left et_pb_bg_layout_light\">\n\t\t\t\t\n\t\t\t\t\n\t\t\t\t<div class=\"et_pb_text_inner\">Gesch\u00e4ftsf\u00fchrer: Dr.-Ing. Daniel ODRY<\/p>\n<p>Registergericht: Berlin-Charlottenburg<br \/>\nHandelsregister-Nr.: HRB 180681 B<br \/>\nUSt-Id-Nr.: DE308492358<\/div>\n\t\t\t<\/div> <!-- .et_pb_text --><div id=\"default_text\" class=\"et_pb_module et_pb_text et_pb_text_5  et_pb_text_align_left et_pb_bg_layout_light\">\n\t\t\t\t\n\t\t\t\t\n\t\t\t\t<div class=\"et_pb_text_inner\"><p><strong>Allgemeine Hinweise<\/strong><\/p><\/div>\n\t\t\t<\/div> <!-- .et_pb_text --><div id=\"default_text\" class=\"et_pb_module et_pb_text et_pb_text_6  et_pb_text_align_left et_pb_bg_layout_light\">\n\t\t\t\t\n\t\t\t\t\n\t\t\t\t<div class=\"et_pb_text_inner\"><p><span>Es wurde gr\u00f6\u00dfte Sorgfalt aufgewendet, um die Richtigkeit und die Vollst\u00e4ndigkeit der Angaben sicherzustellen. Eventuelle Fehler sind trotzdem nicht auszuschlie\u00dfen.<\/span><\/p><\/div>\n\t\t\t<\/div> <!-- .et_pb_text --><div id=\"default_text\" class=\"et_pb_module et_pb_text et_pb_text_7  et_pb_text_align_left et_pb_bg_layout_light\">\n\t\t\t\t\n\t\t\t\t\n\t\t\t\t<div class=\"et_pb_text_inner\"><p><strong>Haftungsausschluss<\/strong><\/p><\/div>\n\t\t\t<\/div> <!-- .et_pb_text --><div id=\"default_text\" class=\"et_pb_module et_pb_text et_pb_text_8  et_pb_text_align_left et_pb_bg_layout_light\">\n\t\t\t\t\n\t\t\t\t\n\t\t\t\t<div class=\"et_pb_text_inner\"><p>Die pr\u00e4sentierten Inhalte und Informationen auf den Seiten wurden mit gr\u00f6\u00dfter Sorgfalt kontrolliert. Haftungsanspr\u00fcche gegen die CHEQSITE, welche sich auf Sch\u00e4den materieller oder ideeller Art beziehen, die durch die Nutzung der angebotenen Inhalte und Informationen, bzw. durch die Nutzung fehlerhafter und unvollst\u00e4ndiger Inhalte und Informationen, verursacht wurden, sind ausgeschlossen. Wir behalten uns grunds\u00e4tzlich vor, Teile der Inhalte und Informationen auf den gezeigten Seiten oder das gesamte Angebot ohne Ank\u00fcndigung zu ver\u00e4ndern, zu erg\u00e4nzen, zu l\u00f6schen oder die Ver\u00f6ffentlichung zeitweise oder endg\u00fcltig f\u00fcr immer einzustellen. Diese Seite enth\u00e4lt Links zu anderen Seiten im Internet. Wir m\u00f6chten ausdr\u00fccklich betonen, dass wir keinerlei Einfluss auf die Gestaltung und die Inhalte der verlinkten Seiten haben. Diese Inhalte machen wir uns nicht zu Eigen. F\u00fcr Sch\u00e4den, die aus der Nutzung derart gebotener Inhalte entstehen, haftet allein der Anbieter der urspr\u00fcnglichen Seiten.<\/p>\n<p>Alle Inhalte und Informationen und dabei insbesondere Texte, Bilder, Grafiken, Layouts, Ton-, Video-, Animations- und sonstigen Dateien und Ideen unterliegen dem Urheberrecht und anderen Gesetzen zum Schutz geistigen Eigentums. Sie d\u00fcrfen nicht ver\u00e4ndert, kopiert, weitergegeben oder in sonstiger Weise genutzt werden, es sei denn, dieses wird durch die gezeigte Lizenz erlaubt oder gew\u00fcnscht. Einige Internet-Seiten enthalten auch Bilder, die dem Urheberrecht derjenigen unterliegen, die diese zur Verf\u00fcgung gestellt haben. In den pr\u00e4sentierten Inhalten und Informationen werden eingetragene Warenzeichen, Handelsnamen und Gebrauchsnamen verwendet. Wenn diese nicht als solche gekennzeichnet sein sollten, gelten trotzdem und immer die entsprechenden Urheberrechts- und Schutzbestimmungen.<\/p>\n<p>\u00a9 CHEQSITE. Alle Rechte vorbehalten.<\/p><\/div>\n\t\t\t<\/div> <!-- .et_pb_text --><div id=\"default_text\" class=\"et_pb_module et_pb_text et_pb_text_9  et_pb_text_align_left et_pb_bg_layout_light\">\n\t\t\t\t\n\t\t\t\t\n\t\t\t\t<div class=\"et_pb_text_inner\"><a href=\"\/nutzungsbedingungen\/\">Nutzungsbedingungen<\/a><\/div>\n\t\t\t<\/div> <!-- .et_pb_text --><div id=\"default_text\" class=\"et_pb_module et_pb_text et_pb_text_10 et_clickable  et_pb_text_align_left et_pb_bg_layout_light\">\n\t\t\t\t\n\t\t\t\t\n\t\t\t\t<div class=\"et_pb_text_inner\"><p><a>Hier klicken, um Google Analytics zu deaktivieren.<\/a><\/p><\/div>\n\t\t\t<\/div> <!-- .et_pb_text --><div class=\"et_pb_module et_pb_divider et_pb_divider_0 et_pb_space\"><div class=\"et_pb_divider_internal\"><\/div><\/div><div id=\"default_text\" class=\"et_pb_module et_pb_text et_pb_text_11  et_pb_text_align_left et_pb_bg_layout_light\">\n\t\t\t\t\n\t\t\t\t\n\t\t\t\t<div class=\"et_pb_text_inner\">EFRE Gef\u00f6rdert &#8211; Schlanke Software f\u00fcr Audits und Inspektionen.<\/div>\n\t\t\t<\/div> <!-- .et_pb_text --><div id=\"default_text\" class=\"et_pb_module et_pb_text et_pb_text_12  et_pb_text_align_left et_pb_bg_layout_light\">\n\t\t\t\t\n\t\t\t\t\n\t\t\t\t<div class=\"et_pb_text_inner\">Dieses Projekt wird aus Mitteln des europ\u00e4ischen Fonds f\u00fcr regionale Entwicklung und des Landes Brandenburg gef\u00f6rdert. Es wird eine schlanke Software entwickelt, um Audits und Inspektionen effektiver durchzuf\u00fchren und die dabei durchzuf\u00fchrenden Arbeiten einfach zu organisieren.<\/div>\n\t\t\t<\/div> <!-- .et_pb_text --><div class=\"et_pb_module et_pb_image et_pb_image_0\">\n\t\t\t\t\n\t\t\t\t\n\t\t\t\t<span class=\"et_pb_image_wrap \"><img decoding=\"async\" src=\"\/wp-content\/\/uploads\/2021\/06\/logo_foerdermittelgeber.jpg\" alt=\"\" title=\"logo_foerdermittelgeber\" \/><\/span>\n\t\t\t<\/div>\n\t\t\t<\/div> <!-- .et_pb_column --><div class=\"et_pb_column et_pb_column_1_4 et_pb_column_4  et_pb_css_mix_blend_mode et-last-child et_pb_column_empty\">\n\t\t\t\t\n\t\t\t\t\n\t\t\t\t\n\t\t\t<\/div> <!-- .et_pb_column -->\n\t\t\t\t\n\t\t\t\t\n\t\t\t<\/div> <!-- .et_pb_row -->\n\t\t\t\t\n\t\t\t\t\n\t\t\t<\/div> <!-- .et_pb_section -->\t\t<\/div><!-- .et_builder_inner_content -->\n\t<\/div><!-- .et-l -->\n\t\n\t\t\t\n\t\t<\/div><!-- #et-boc -->\n\t\t","protected":false},"excerpt":{"rendered":"","protected":false},"author":8,"featured_media":0,"parent":0,"menu_order":0,"comment_status":"closed","ping_status":"closed","template":"","meta":{"_et_pb_use_builder":"on","_et_pb_old_content":"","_et_gb_content_width":"","_monsterinsights_skip_tracking":false,"_monsterinsights_sitenote_active":false,"_monsterinsights_sitenote_note":"","_monsterinsights_sitenote_category":0,"footnotes":""},"wf_page_folders":[67],"class_list":["post-1464","page","type-page","status-publish","hentry"],"yoast_head":"<!-- This site is optimized with the Yoast SEO plugin v26.9 - https:\/\/yoast.com\/product\/yoast-seo-wordpress\/ -->\n<title>Impressum - CHEQSITE<\/title>\n<meta name=\"robots\" content=\"index, follow, max-snippet:-1, max-image-preview:large, max-video-preview:-1\" \/>\n<link rel=\"canonical\" href=\"https:\/\/www.cheqsite.de\/de\/impressum\/\" \/>\n<meta property=\"og:locale\" content=\"de_DE\" \/>\n<meta property=\"og:type\" content=\"article\" \/>\n<meta property=\"og:title\" content=\"Impressum - CHEQSITE\" \/>\n<meta property=\"og:description\" content=\"[et_pb_section fb_built=&#8220;1&#8243; module_id=&#8220;cqs_section&#8220; _builder_version=&#8220;4.9.7&#8243; _module_preset=&#8220;default&#8220; background_color=&#8220;#04b1e4&#8243;][et_pb_row column_structure=&#8220;1_2,1_2&#8243; module_id=&#8220;article_row_header&#8220; _builder_version=&#8220;4.5.8&#8243; _module_preset=&#8220;default&#8220; background_image=&#8220;\/wp-content\/\/uploads\/2020\/08\/breadcrumbicons-web.png&#8220; background_size=&#8220;contain&#8220; width=&#8220;100%&#8220; min_height=&#8220;125px&#8220; custom_margin=&#8220;||||false|false&#8220; custom_padding=&#8220;||||false|false&#8220; custom_css_main_element=&#8220;display:flex;&#8220;][et_pb_column type=&#8220;1_2&#8243; _builder_version=&#8220;4.5.8&#8243; _module_preset=&#8220;default&#8220;][et_pb_text _builder_version=&#8220;4.7.7&#8243; _module_preset=&#8220;default&#8220; text_font=&#8220;Open Sans||||||||&#8220; text_text_color=&#8220;#ffffff&#8220; text_font_size=&#8220;20px&#8220; text_letter_spacing=&#8220;2px&#8220; width=&#8220;120%&#8220; custom_margin=&#8220;23px|-45px||||&#8220; custom_padding=&#8220;|100px||||&#8220;]IMPRESSUM[\/et_pb_text][\/et_pb_column][et_pb_column type=&#8220;1_2&#8243; _builder_version=&#8220;4.5.8&#8243; _module_preset=&#8220;default&#8220;][\/et_pb_column][\/et_pb_row][\/et_pb_section][et_pb_section fb_built=&#8220;1&#8243; module_id=&#8220;cqs_section&#8220; _builder_version=&#8220;4.9.7&#8243; _module_preset=&#8220;default&#8220;][et_pb_row module_id=&#8220;article_row&#8220; _builder_version=&#8220;4.9.7&#8243; _module_preset=&#8220;default&#8220;][et_pb_column type=&#8220;4_4&#8243; _builder_version=&#8220;4.6.1&#8243; _module_preset=&#8220;default&#8220;][et_pb_code _builder_version=&#8220;4.9.7&#8243; _module_preset=&#8220;default&#8220;][\/et_pb_code][\/et_pb_column][\/et_pb_row][\/et_pb_section][et_pb_section fb_built=&#8220;1&#8243; module_id=&#8220;cqs_section&#8220; _builder_version=&#8220;4.9.7&#8243; _module_preset=&#8220;default&#8220;][et_pb_row column_structure=&#8220;3_4,1_4&#8243; module_id=&#8220;article_row&#8220; _builder_version=&#8220;4.9.7&#8243; _module_preset=&#8220;default&#8220;][et_pb_column type=&#8220;3_4&#8243; _builder_version=&#8220;4.7.7&#8243; [&hellip;]\" \/>\n<meta property=\"og:url\" content=\"https:\/\/www.cheqsite.de\/de\/impressum\/\" \/>\n<meta property=\"og:site_name\" content=\"Cheqsite\" \/>\n<meta property=\"article:modified_time\" content=\"2022-04-28T14:47:48+00:00\" \/>\n<meta name=\"twitter:card\" content=\"summary_large_image\" \/>\n<meta name=\"twitter:label1\" content=\"Gesch\u00e4tzte Lesezeit\" \/>\n\t<meta name=\"twitter:data1\" content=\"3\u00a0Minuten\" \/>\n<script type=\"application\/ld+json\" class=\"yoast-schema-graph\">{\"@context\":\"https:\/\/schema.org\",\"@graph\":[{\"@type\":\"WebPage\",\"@id\":\"https:\/\/www.cheqsite.de\/de\/impressum\/\",\"url\":\"https:\/\/www.cheqsite.de\/de\/impressum\/\",\"name\":\"Impressum - CHEQSITE\",\"isPartOf\":{\"@id\":\"https:\/\/www.cheqsite.de\/de\/#website\"},\"datePublished\":\"2020-09-04T10:05:50+00:00\",\"dateModified\":\"2022-04-28T14:47:48+00:00\",\"breadcrumb\":{\"@id\":\"https:\/\/www.cheqsite.de\/de\/impressum\/#breadcrumb\"},\"inLanguage\":\"de\",\"potentialAction\":[{\"@type\":\"ReadAction\",\"target\":[\"https:\/\/www.cheqsite.de\/de\/impressum\/\"]}]},{\"@type\":\"BreadcrumbList\",\"@id\":\"https:\/\/www.cheqsite.de\/de\/impressum\/#breadcrumb\",\"itemListElement\":[{\"@type\":\"ListItem\",\"position\":1,\"name\":\"Startseite\",\"item\":\"https:\/\/www.cheqsite.de\/de\/\"},{\"@type\":\"ListItem\",\"position\":2,\"name\":\"Impressum\"}]},{\"@type\":\"WebSite\",\"@id\":\"https:\/\/www.cheqsite.de\/de\/#website\",\"url\":\"https:\/\/www.cheqsite.de\/de\/\",\"name\":\"Cheqsite\",\"description\":\"\",\"publisher\":{\"@id\":\"https:\/\/www.cheqsite.de\/de\/#organization\"},\"potentialAction\":[{\"@type\":\"SearchAction\",\"target\":{\"@type\":\"EntryPoint\",\"urlTemplate\":\"https:\/\/www.cheqsite.de\/de\/?s={search_term_string}\"},\"query-input\":{\"@type\":\"PropertyValueSpecification\",\"valueRequired\":true,\"valueName\":\"search_term_string\"}}],\"inLanguage\":\"de\"},{\"@type\":\"Organization\",\"@id\":\"https:\/\/www.cheqsite.de\/de\/#organization\",\"name\":\"Cheqsite\",\"url\":\"https:\/\/www.cheqsite.de\/de\/\",\"logo\":{\"@type\":\"ImageObject\",\"inLanguage\":\"de\",\"@id\":\"https:\/\/www.cheqsite.de\/de\/#\/schema\/logo\/image\/\",\"url\":\"https:\/\/www.cheqsite.de\/wp-content\/uploads\/2020\/08\/cropped-cheqsite.png\",\"contentUrl\":\"https:\/\/www.cheqsite.de\/wp-content\/uploads\/2020\/08\/cropped-cheqsite.png\",\"width\":441,\"height\":112,\"caption\":\"Cheqsite\"},\"image\":{\"@id\":\"https:\/\/www.cheqsite.de\/de\/#\/schema\/logo\/image\/\"},\"sameAs\":[\"https:\/\/www.youtube.com\/channel\/UCqOC0NkT4Jcq5ueEVHE6YHg\"]}]}<\/script>\n<!-- \/ Yoast SEO plugin. -->","yoast_head_json":{"title":"Impressum - CHEQSITE","robots":{"index":"index","follow":"follow","max-snippet":"max-snippet:-1","max-image-preview":"max-image-preview:large","max-video-preview":"max-video-preview:-1"},"canonical":"https:\/\/www.cheqsite.de\/de\/impressum\/","og_locale":"de_DE","og_type":"article","og_title":"Impressum - CHEQSITE","og_description":"[et_pb_section fb_built=&#8220;1&#8243; module_id=&#8220;cqs_section&#8220; _builder_version=&#8220;4.9.7&#8243; _module_preset=&#8220;default&#8220; background_color=&#8220;#04b1e4&#8243;][et_pb_row column_structure=&#8220;1_2,1_2&#8243; module_id=&#8220;article_row_header&#8220; _builder_version=&#8220;4.5.8&#8243; _module_preset=&#8220;default&#8220; background_image=&#8220;\/wp-content\/\/uploads\/2020\/08\/breadcrumbicons-web.png&#8220; background_size=&#8220;contain&#8220; width=&#8220;100%&#8220; min_height=&#8220;125px&#8220; custom_margin=&#8220;||||false|false&#8220; custom_padding=&#8220;||||false|false&#8220; custom_css_main_element=&#8220;display:flex;&#8220;][et_pb_column type=&#8220;1_2&#8243; _builder_version=&#8220;4.5.8&#8243; _module_preset=&#8220;default&#8220;][et_pb_text _builder_version=&#8220;4.7.7&#8243; _module_preset=&#8220;default&#8220; text_font=&#8220;Open Sans||||||||&#8220; text_text_color=&#8220;#ffffff&#8220; text_font_size=&#8220;20px&#8220; text_letter_spacing=&#8220;2px&#8220; width=&#8220;120%&#8220; custom_margin=&#8220;23px|-45px||||&#8220; custom_padding=&#8220;|100px||||&#8220;]IMPRESSUM[\/et_pb_text][\/et_pb_column][et_pb_column type=&#8220;1_2&#8243; _builder_version=&#8220;4.5.8&#8243; _module_preset=&#8220;default&#8220;][\/et_pb_column][\/et_pb_row][\/et_pb_section][et_pb_section fb_built=&#8220;1&#8243; module_id=&#8220;cqs_section&#8220; _builder_version=&#8220;4.9.7&#8243; _module_preset=&#8220;default&#8220;][et_pb_row module_id=&#8220;article_row&#8220; _builder_version=&#8220;4.9.7&#8243; _module_preset=&#8220;default&#8220;][et_pb_column type=&#8220;4_4&#8243; _builder_version=&#8220;4.6.1&#8243; _module_preset=&#8220;default&#8220;][et_pb_code _builder_version=&#8220;4.9.7&#8243; _module_preset=&#8220;default&#8220;][\/et_pb_code][\/et_pb_column][\/et_pb_row][\/et_pb_section][et_pb_section fb_built=&#8220;1&#8243; module_id=&#8220;cqs_section&#8220; _builder_version=&#8220;4.9.7&#8243; _module_preset=&#8220;default&#8220;][et_pb_row column_structure=&#8220;3_4,1_4&#8243; module_id=&#8220;article_row&#8220; _builder_version=&#8220;4.9.7&#8243; _module_preset=&#8220;default&#8220;][et_pb_column type=&#8220;3_4&#8243; _builder_version=&#8220;4.7.7&#8243; [&hellip;]","og_url":"https:\/\/www.cheqsite.de\/de\/impressum\/","og_site_name":"Cheqsite","article_modified_time":"2022-04-28T14:47:48+00:00","twitter_card":"summary_large_image","twitter_misc":{"Gesch\u00e4tzte Lesezeit":"3\u00a0Minuten"},"schema":{"@context":"https:\/\/schema.org","@graph":[{"@type":"WebPage","@id":"https:\/\/www.cheqsite.de\/de\/impressum\/","url":"https:\/\/www.cheqsite.de\/de\/impressum\/","name":"Impressum - CHEQSITE","isPartOf":{"@id":"https:\/\/www.cheqsite.de\/de\/#website"},"datePublished":"2020-09-04T10:05:50+00:00","dateModified":"2022-04-28T14:47:48+00:00","breadcrumb":{"@id":"https:\/\/www.cheqsite.de\/de\/impressum\/#breadcrumb"},"inLanguage":"de","potentialAction":[{"@type":"ReadAction","target":["https:\/\/www.cheqsite.de\/de\/impressum\/"]}]},{"@type":"BreadcrumbList","@id":"https:\/\/www.cheqsite.de\/de\/impressum\/#breadcrumb","itemListElement":[{"@type":"ListItem","position":1,"name":"Startseite","item":"https:\/\/www.cheqsite.de\/de\/"},{"@type":"ListItem","position":2,"name":"Impressum"}]},{"@type":"WebSite","@id":"https:\/\/www.cheqsite.de\/de\/#website","url":"https:\/\/www.cheqsite.de\/de\/","name":"Cheqsite","description":"","publisher":{"@id":"https:\/\/www.cheqsite.de\/de\/#organization"},"potentialAction":[{"@type":"SearchAction","target":{"@type":"EntryPoint","urlTemplate":"https:\/\/www.cheqsite.de\/de\/?s={search_term_string}"},"query-input":{"@type":"PropertyValueSpecification","valueRequired":true,"valueName":"search_term_string"}}],"inLanguage":"de"},{"@type":"Organization","@id":"https:\/\/www.cheqsite.de\/de\/#organization","name":"Cheqsite","url":"https:\/\/www.cheqsite.de\/de\/","logo":{"@type":"ImageObject","inLanguage":"de","@id":"https:\/\/www.cheqsite.de\/de\/#\/schema\/logo\/image\/","url":"https:\/\/www.cheqsite.de\/wp-content\/uploads\/2020\/08\/cropped-cheqsite.png","contentUrl":"https:\/\/www.cheqsite.de\/wp-content\/uploads\/2020\/08\/cropped-cheqsite.png","width":441,"height":112,"caption":"Cheqsite"},"image":{"@id":"https:\/\/www.cheqsite.de\/de\/#\/schema\/logo\/image\/"},"sameAs":["https:\/\/www.youtube.com\/channel\/UCqOC0NkT4Jcq5ueEVHE6YHg"]}]}},"_links":{"self":[{"href":"https:\/\/www.cheqsite.de\/de\/wp-json\/wp\/v2\/pages\/1464","targetHints":{"allow":["GET"]}}],"collection":[{"href":"https:\/\/www.cheqsite.de\/de\/wp-json\/wp\/v2\/pages"}],"about":[{"href":"https:\/\/www.cheqsite.de\/de\/wp-json\/wp\/v2\/types\/page"}],"author":[{"embeddable":true,"href":"https:\/\/www.cheqsite.de\/de\/wp-json\/wp\/v2\/users\/8"}],"replies":[{"embeddable":true,"href":"https:\/\/www.cheqsite.de\/de\/wp-json\/wp\/v2\/comments?post=1464"}],"version-history":[{"count":0,"href":"https:\/\/www.cheqsite.de\/de\/wp-json\/wp\/v2\/pages\/1464\/revisions"}],"wp:attachment":[{"href":"https:\/\/www.cheqsite.de\/de\/wp-json\/wp\/v2\/media?parent=1464"}],"wp:term":[{"taxonomy":"wf_page_folders","embeddable":true,"href":"https:\/\/www.cheqsite.de\/de\/wp-json\/wp\/v2\/wf_page_folders?post=1464"}],"curies":[{"name":"wp","href":"https:\/\/api.w.org\/{rel}","templated":true}]}}