{"id":1841,"date":"2020-09-10T14:48:08","date_gmt":"2020-09-10T14:48:08","guid":{"rendered":"https:\/\/www.wp.cheqsite.de\/?page_id=1841"},"modified":"2022-03-21T17:02:45","modified_gmt":"2022-03-21T17:02:45","slug":"nutzungsbedingungen","status":"publish","type":"page","link":"https:\/\/www.cheqsite.de\/de\/nutzungsbedingungen\/","title":{"rendered":"Nutzungsbedingungen"},"content":{"rendered":"<div id=\"et-boc\" class=\"et-boc\">\n\t\t\t\n\t\t<div class=\"et-l et-l--post\">\n\t\t\t<div class=\"et_builder_inner_content et_pb_gutters3\">\n\t\t<div id=\"cqs_section\" class=\"et_pb_section et_pb_section_0 et_pb_with_background  et_pb_css_mix_blend_mode et_section_regular\" >\n\t\t\t\t\n\t\t\t\t\n\t\t\t\t\n\t\t\t\t\n\t\t\t\t\t<div id=\"article_row_header\" class=\"et_pb_row et_pb_row_0  et_pb_css_mix_blend_mode\">\n\t\t\t\t<div class=\"et_pb_column et_pb_column_1_2 et_pb_column_0  et_pb_css_mix_blend_mode\">\n\t\t\t\t\n\t\t\t\t\n\t\t\t\t<div class=\"et_pb_module et_pb_text et_pb_text_0  et_pb_text_align_left et_pb_bg_layout_light\">\n\t\t\t\t\n\t\t\t\t\n\t\t\t\t<div class=\"et_pb_text_inner\">NUTZUNGSBEDINGUNGEN<\/div>\n\t\t\t<\/div> <!-- .et_pb_text -->\n\t\t\t<\/div> <!-- .et_pb_column --><div class=\"et_pb_column et_pb_column_1_2 et_pb_column_1  et_pb_css_mix_blend_mode et-last-child et_pb_column_empty\">\n\t\t\t\t\n\t\t\t\t\n\t\t\t\t\n\t\t\t<\/div> <!-- .et_pb_column -->\n\t\t\t\t\n\t\t\t\t\n\t\t\t<\/div> <!-- .et_pb_row -->\n\t\t\t\t\n\t\t\t\t\n\t\t\t<\/div> <!-- .et_pb_section --><div class=\"et_pb_section et_pb_section_1  et_pb_css_mix_blend_mode et_section_regular\" >\n\t\t\t\t\n\t\t\t\t\n\t\t\t\t\n\t\t\t\t\n\t\t\t\t\t<div class=\"et_pb_row et_pb_row_1  et_pb_css_mix_blend_mode\">\n\t\t\t\t<div class=\"et_pb_column et_pb_column_3_4 et_pb_column_2  et_pb_css_mix_blend_mode\">\n\t\t\t\t\n\t\t\t\t\n\t\t\t\t<div id=\"contact_header\" class=\"et_pb_module et_pb_text et_pb_text_1  et_pb_text_align_left et_pb_bg_layout_light\">\n\t\t\t\t\n\t\t\t\t\n\t\t\t\t<div class=\"et_pb_text_inner\"><h3><a style=\"color: inherit;\">CHEQSITE PRODUKTE F\u00dcR DIE PR\u00dcFUNG VON ARBEITSMITTELN<\/a><\/h3><\/div>\n\t\t\t<\/div> <!-- .et_pb_text --><div id=\"default_text\" class=\"et_pb_module et_pb_text et_pb_text_2  et_pb_text_align_left et_pb_bg_layout_light\">\n\t\t\t\t\n\t\t\t\t\n\t\t\t\t<div class=\"et_pb_text_inner\"><p><strong>1. Gegenstand<\/strong><\/p>\n<p>Nutzung von <em>CHEQSITE<\/em>-Produkten f\u00fcr die Pr\u00fcfung von Arbeitsmitteln durch eine Rechtsperson oder Personengesellschaft. Diese werden in den folgenden Kapiteln als Nutzer bezeichnet.<\/p>\n<p>Die <em>CHEQSITE<\/em>-Produkte und Dienstleitungen richten sich ausschlie\u00dflich an professionelle gewerbliche Nutzer. Privater Gebrauch ist nicht gew\u00fcnscht und nicht gestattet. Wenn Sie als privater Verbraucher irrt\u00fcmlich auf unsere Seiten oder zu unseren Produkten gelangt sind, so fordern wir Sie auf diese umgehend zu verlassen oder zu entfernen.<\/p>\n<p><strong>2. Kostenloser 14 Tage Demo-Nutzungszeitraum und Beendigung<\/strong><\/p>\n<p>Der kostenlose Demo-Nutzungszeitraum beginnt mit der Auslieferung und ist auf 14 Tage befristet. Der Nutzer erh\u00e4lt die in Kapitel 5 genannten Nutzungsrechte.<\/p>\n<p>Dem Nutzer entstehen keine Kosten f\u00fcr den Demo-Nutzungszeitraum. Wenn der Nutzer nach Ablauf des kostenlosen Demo-Nutzungszeitraums von 14 Tagen die <em>CHEQSITE<\/em>-Produkte weiter nutzen m\u00f6chte, so muss er diese telefonisch oder online bestellen.<\/p>\n<p><strong>3. Kostenpflichtiger Nutzungszeitraum und K\u00fcndigung<\/strong><\/p>\n<p>Wenn der Nutzer nach Ablauf des kostenlosen Nutzungszeitraums von 14 Tagen die <em>CHEQSITE<\/em> Produkte weiter nutzen m\u00f6chte, so muss er diese telefonisch oder online bestellen. Eine aktuelle Preisliste kann unter folgendem Link abgerufen werden: <a href=\"https:\/\/www.cheqsite.de\/de\/preise\">https:\/\/www.cheqsite.de\/de\/preise.<\/a><\/p>\n<p>Wird eine Bestellung ausgel\u00f6st, so bekommt der Nutzer eine Rechnung \u00fcber den entsprechenden Betrag zugesandt. Der Nutzer erh\u00e4lt die in Kapitel 5 genannten Nutzungsrechte erst mit vollst\u00e4ndiger Zahlung der vereinbarten Verg\u00fctung.<\/p>\n<p>Der kostenpflichtige Nutzungszeitraum ist unbefristet. Er kann jederzeit vom Nutzer und der <em>CHEQSITE<\/em> GmbH mit einer Frist von 2 Wochen zum Ende des Abrechnungszeitraums gek\u00fcndigt werden.<\/p>\n<p><strong>4. Abrechnungszeitraum und Zahlungsweise<\/strong><\/p>\n<p>F\u00fcr den kostenpflichtigen Abrechnungszeitraum errechnen sich die Gesamtkosten aus den monatlichen Kosten und der Dauer des Abrechnungszeitraums (i.d.R. 3 oder 12 Monate). Der Nutzer bekommt eine gesonderte Rechnung \u00fcber den f\u00e4lligen Betrag zugesendet.<\/p>\n<p>Die Zahlungen sind bis zum 10. Werktag nach Beginn des Abrechnungszeitraums bzw. Zugang der Rechnung unter Angabe der Rechnungsnummer gem. vereinbarter Zahlungsmethode (\u00dcberweisung, PayPal, etc.) zu leisten.<\/p>\n<p><strong>5. Nutzungsrechte und -pflichten \/ Haftung<\/strong><\/p>\n<p><em>CHEQSITE-Software<\/em><\/p>\n<p>Der Nutzer bekommt das Recht die <em>CHEQSITE<\/em>-Software f\u00fcr die Pr\u00fcfung von Arbeitsmitteln im vereinbarten Nutzungszeitraum (Kapitel 2 und 3) auf jeweils einem Ger\u00e4t der Kategorie Smartphone, Tablet und Personalcomputer zu verwenden. Eine sonstige Nutzung oder Erweiterung der Nutzungsrechte ist ausgeschlossen. Das Nutzungsrecht ist zeitlich befristet, nicht exklusiv, widerrufbar und nicht \u00fcbertragbar. Insbesondere das Vervielf\u00e4ltigen oder Kopieren der Software oder deren Bestandteilen, wie z.B. Design, Ergonomie, Quellcode, etc. ist ausdr\u00fccklich untersagt. Der Nutzer erkennt an, dass die <em>CHEQSITE<\/em>-Software samt Dokumentation und weiterer Unterlagen urheberrechtlich gesch\u00fctzt ist und Eigentum der <em>CHEQSITE<\/em> GmbH ist. Er trifft Vorsorge, dass diese vor missbr\u00e4uchlicher Nutzung gesch\u00fctzt werden.<\/p>\n<p><em>Vorlagen<\/em><\/p>\n<p>Der Nutzer bekommt das Recht die Vorlagen f\u00fcr die Pr\u00fcfung von Arbeitsmitteln im vereinbarten Nutzungszeitraum (Kapitel 2 und 3) in der <em>CHEQSITE<\/em>-Software zu verwenden. Eine sonstige Nutzung oder Erweiterung der Nutzungsrechte ist ausgeschlossen. Das Nutzungsrecht ist zeitlich befristet, nicht exklusiv, nicht \u00fcbertragbar und widerrufbar. Insbesondere das Vervielf\u00e4ltigen oder Kopieren der Vorlagen und Inhalte ist ausdr\u00fccklich untersagt. Der Nutzer erkennt an, dass die Vorlagen urheberrechtlich gesch\u00fctzt sind und Eigentum der <em>CHEQSITE<\/em> GmbH sind. Er trifft Vorsorge, dass diese vor missbr\u00e4uchlicher Nutzung gesch\u00fctzt werden.<\/p>\n<p>Bei den ausgelieferten Vorlagen handelt es sich um Beispielvorlagen. Die <em>CHEQSITE<\/em> GmbH \u00fcbernimmt keinerlei Haftung daf\u00fcr, dass die Vorlagen f\u00fcr die tats\u00e4chliche Pr\u00fcfung von dem jeweiligen Arbeitsmittel oder der Sache geeignet sind, weder inhaltlich, rechtlich oder in irgendeiner anderen Weise. Der Nutzer ist selbst daf\u00fcr verantwortlich passende Vorlagen zu verwenden.<\/p>\n<p><em>Daten und Sicherung<\/em><\/p>\n<p>Der Nutzer ist selbst f\u00fcr den Schutz und die Sicherung seiner Daten und der Daten von Dritten verantwortlich, wie z.B. der Daten seiner Kunden. Der Nutzer verpflichtet sich Daten in der <em>CHEQSITE<\/em>-Software sowie deren Arbeitsergebnisse jederzeit auf Richtigkeit zu \u00fcberpr\u00fcfen, da Softwarefehler durch interne oder externe Einwirkung jederzeit auftreten k\u00f6nnen, z.B. Betriebssystemabst\u00fcrze.<\/p>\n<p><em>CHEQSITE<\/em> beh\u00e4lt sich vor die Kontaktdaten und Ger\u00e4teidentifikationsnummern des Nutzers f\u00fcr f\u00fcnf Jahre nach Nutzungsende zu speichern, um Nutzungsmissbrauch zu vermeiden.<\/p>\n<p><em>Informationen \u00fcber Produkte und Dienstleistungen<\/em><\/p>\n<p>Mit der Zustimmung zu diesen Nutzungsbedingungen, z.B. durch Anklicken einer Checkbox auf einer Webseite, die auf diese Nutzungsbedingung verweist, erkl\u00e4rt sich der Nutzer einverstanden, dass er \u00fcber <em>CHEQSITE<\/em> Produkte und Dienstleitungen informiert wird und die erhobenen Daten f\u00fcr Zwecke der Eigenwerbung und Marktforschung f\u00fcr <em>CHEQSITE<\/em> verwendet werden, auch nachdem der Nutzungszeitraum beendet wurde. Der Nutzer kann der Information jederzeit widersprechen, indem er sich per Email, Telefon oder Post an uns wendet <a href=\"\/impressum\/\">www.cheqsite.de\/de\/impressum\/<\/a>. Wir behalten uns in dem Fall vor, den kostenlosen Nutzungszeitraum sofort zu beenden. Ein m\u00f6glicher Anspruch auf Schadensersatz wird ausgeschlossen.<\/p>\n<p><em>CHEQSITE<\/em> ist damit einverstanden, dass der Nutzer die <em>CHEQSITE<\/em> Leistungen w\u00e4hrend des kostenpflichtigen Zeitraums in Marketingmaterialien benennt und das <em>CHEQSITE<\/em> Logo mit Verlinkung zu www.cheqsite.de zeigt. Der Nutzer ist damit einverstanden, dass <em>CHEQSITE<\/em> den Nutzer in Marketingmaterialien als Empf\u00e4nger der Leistungen benennt und das Logo des Nutzers zeigt. Ausgeschlossen davon ist die Nennung von nat\u00fcrlichen Personen sowie dazugeh\u00f6riger pers\u00f6nlichen Daten. Im kostenlosen Nutzungszeitraum besteht kein Anspruch zur Nennung als Referenz \/ Cross-Reference. Der Nutzer kann der Nennung jederzeit widersprechen, indem er sich per Email, Telefon oder Post an uns wendet.<\/p>\n<p><strong>6. Erf\u00fcllungsort<\/strong><\/p>\n<p>Erf\u00fcllungsort f\u00fcr Leistungen und Zahlungen ist Berlin, Deutschland.<\/p>\n<p>\u00a9 <em>CHEQSITE<\/em> GmbH. Alle Rechte vorbehalten.<\/p><\/div>\n\t\t\t<\/div> <!-- .et_pb_text -->\n\t\t\t<\/div> <!-- .et_pb_column --><div class=\"et_pb_column et_pb_column_1_4 et_pb_column_3  et_pb_css_mix_blend_mode et-last-child\">\n\t\t\t\t\n\t\t\t\t\n\t\t\t\t<div id=\"contact_header\" class=\"et_pb_module et_pb_text et_pb_text_3 custom-header  et_pb_text_align_left et_pb_bg_layout_light\">\n\t\t\t\t\n\t\t\t\t\n\t\t\t\t<div class=\"et_pb_text_inner\"><h3><a style=\"color: #000000 !important;\">KONTAKT<\/a><\/h3><\/div>\n\t\t\t<\/div> <!-- .et_pb_text --><div id=\"contact_box\" class=\"et_pb_module et_pb_text et_pb_text_4  et_pb_text_align_left et_pb_bg_layout_light\">\n\t\t\t\t\n\t\t\t\t\n\t\t\t\t<div class=\"et_pb_text_inner\"><div style=\"line-height: 200%;\"><i class=\"fas fa-building\" style=\"margin-right: 3px;\"><\/i> <strong><i> CHEQSITE<\/i> GmbH<\/strong><br \/>\n<i class=\"fas fa-map-marker-alt\" style=\"margin-right: 3px;\"> <\/i> <strong> Adresse: <\/strong>&nbsp; &nbsp;Rudower Chaussee 29, 12489 Berlin<br \/>\n<i class=\"fas fa-envelope\" style=\"margin-right: 3px;\"><\/i> <strong>E-Mail:&nbsp;<\/strong> &nbsp; &nbsp; &nbsp;kontakt@cheqsite.de<br \/>\n<i class=\"fas fa-phone-alt\" style=\"margin-right: 3px;\"><\/i><strong>Telefon: <\/strong>&nbsp; &nbsp; +49 (0)30 233-202-32<\/div><\/div>\n\t\t\t<\/div> <!-- .et_pb_text -->\n\t\t\t<\/div> <!-- .et_pb_column -->\n\t\t\t\t\n\t\t\t\t\n\t\t\t<\/div> <!-- .et_pb_row -->\n\t\t\t\t\n\t\t\t\t\n\t\t\t<\/div> <!-- .et_pb_section -->\t\t<\/div><!-- .et_builder_inner_content -->\n\t<\/div><!-- .et-l -->\n\t\n\t\t\t\n\t\t<\/div><!-- #et-boc -->\n\t\t","protected":false},"excerpt":{"rendered":"","protected":false},"author":8,"featured_media":0,"parent":0,"menu_order":0,"comment_status":"closed","ping_status":"closed","template":"","meta":{"_et_pb_use_builder":"on","_et_pb_old_content":"","_et_gb_content_width":"","_monsterinsights_skip_tracking":false,"_monsterinsights_sitenote_active":false,"_monsterinsights_sitenote_note":"","_monsterinsights_sitenote_category":0,"footnotes":""},"wf_page_folders":[249,247],"class_list":["post-1841","page","type-page","status-publish","hentry"],"yoast_head":"<!-- This site is optimized with the Yoast SEO plugin v26.9 - https:\/\/yoast.com\/product\/yoast-seo-wordpress\/ -->\n<title>Nutzungsbedingungen - CHEQSITE<\/title>\n<meta name=\"robots\" content=\"index, follow, max-snippet:-1, max-image-preview:large, max-video-preview:-1\" \/>\n<link rel=\"canonical\" href=\"https:\/\/www.cheqsite.de\/de\/nutzungsbedingungen\/\" \/>\n<meta property=\"og:locale\" content=\"de_DE\" \/>\n<meta property=\"og:type\" content=\"article\" \/>\n<meta property=\"og:title\" content=\"Nutzungsbedingungen - CHEQSITE\" \/>\n<meta property=\"og:description\" content=\"[et_pb_section fb_built=&#8220;1&#8243; custom_padding_last_edited=&#8220;off|desktop&#8220; module_id=&#8220;cqs_section&#8220; _builder_version=&#8220;4.9.7&#8243; _module_preset=&#8220;default&#8220; background_color=&#8220;#04b1e4&#8243;][et_pb_row column_structure=&#8220;1_2,1_2&#8243; module_id=&#8220;article_row_header&#8220; _builder_version=&#8220;4.9.7&#8243; _module_preset=&#8220;default&#8220; background_image=&#8220;\/wp-content\/\/uploads\/2020\/08\/breadcrumbicons-web.png&#8220; background_size=&#8220;contain&#8220; width=&#8220;100%&#8220; min_height=&#8220;125px&#8220; custom_css_main_element=&#8220;display:flex;&#8220;][et_pb_column type=&#8220;1_2&#8243; _builder_version=&#8220;4.5.8&#8243; _module_preset=&#8220;default&#8220;][et_pb_text _builder_version=&#8220;4.7.7&#8243; _module_preset=&#8220;default&#8220; text_font=&#8220;Open Sans||||||||&#8220; text_text_color=&#8220;#ffffff&#8220; text_font_size=&#8220;20px&#8220; text_letter_spacing=&#8220;2px&#8220; width=&#8220;120%&#8220; custom_margin=&#8220;23px|-45px||||&#8220; custom_padding=&#8220;|100px||||&#8220;]NUTZUNGSBEDINGUNGEN[\/et_pb_text][\/et_pb_column][et_pb_column type=&#8220;1_2&#8243; _builder_version=&#8220;4.5.8&#8243; _module_preset=&#8220;default&#8220;][\/et_pb_column][\/et_pb_row][\/et_pb_section][et_pb_section fb_built=&#8220;1&#8243; _builder_version=&#8220;4.6.0&#8243; _module_preset=&#8220;default&#8220; custom_margin=&#8220;-10px|||||&#8220; custom_padding=&#8220;||38px|||&#8220;][et_pb_row column_structure=&#8220;3_4,1_4&#8243; _builder_version=&#8220;4.6.0&#8243; _module_preset=&#8220;default&#8220; custom_margin=&#8220;-41px|auto||auto||&#8220;][et_pb_column type=&#8220;3_4&#8243; _builder_version=&#8220;4.6.0&#8243; _module_preset=&#8220;default&#8220;][et_pb_text module_id=&#8220;contact_header&#8220; _builder_version=&#8220;4.9.7&#8243; _module_preset=&#8220;default&#8220; text_text_color=&#8220;#000000&#8243; text_font_size=&#8220;20px&#8220; text_letter_spacing=&#8220;1px&#8220; width_last_edited=&#8220;off|desktop&#8220;] CHEQSITE PRODUKTE F\u00dcR DIE [&hellip;]\" \/>\n<meta property=\"og:url\" content=\"https:\/\/www.cheqsite.de\/de\/nutzungsbedingungen\/\" \/>\n<meta property=\"og:site_name\" content=\"Cheqsite\" \/>\n<meta property=\"article:modified_time\" content=\"2022-03-21T17:02:45+00:00\" \/>\n<meta name=\"twitter:card\" content=\"summary_large_image\" \/>\n<meta name=\"twitter:label1\" content=\"Gesch\u00e4tzte Lesezeit\" \/>\n\t<meta name=\"twitter:data1\" content=\"5\u00a0Minuten\" \/>\n<script type=\"application\/ld+json\" class=\"yoast-schema-graph\">{\"@context\":\"https:\/\/schema.org\",\"@graph\":[{\"@type\":\"WebPage\",\"@id\":\"https:\/\/www.cheqsite.de\/de\/nutzungsbedingungen\/\",\"url\":\"https:\/\/www.cheqsite.de\/de\/nutzungsbedingungen\/\",\"name\":\"Nutzungsbedingungen - CHEQSITE\",\"isPartOf\":{\"@id\":\"https:\/\/www.cheqsite.de\/de\/#website\"},\"datePublished\":\"2020-09-10T14:48:08+00:00\",\"dateModified\":\"2022-03-21T17:02:45+00:00\",\"breadcrumb\":{\"@id\":\"https:\/\/www.cheqsite.de\/de\/nutzungsbedingungen\/#breadcrumb\"},\"inLanguage\":\"de\",\"potentialAction\":[{\"@type\":\"ReadAction\",\"target\":[\"https:\/\/www.cheqsite.de\/de\/nutzungsbedingungen\/\"]}]},{\"@type\":\"BreadcrumbList\",\"@id\":\"https:\/\/www.cheqsite.de\/de\/nutzungsbedingungen\/#breadcrumb\",\"itemListElement\":[{\"@type\":\"ListItem\",\"position\":1,\"name\":\"Startseite\",\"item\":\"https:\/\/www.cheqsite.de\/de\/\"},{\"@type\":\"ListItem\",\"position\":2,\"name\":\"Nutzungsbedingungen\"}]},{\"@type\":\"WebSite\",\"@id\":\"https:\/\/www.cheqsite.de\/de\/#website\",\"url\":\"https:\/\/www.cheqsite.de\/de\/\",\"name\":\"Cheqsite\",\"description\":\"\",\"publisher\":{\"@id\":\"https:\/\/www.cheqsite.de\/de\/#organization\"},\"potentialAction\":[{\"@type\":\"SearchAction\",\"target\":{\"@type\":\"EntryPoint\",\"urlTemplate\":\"https:\/\/www.cheqsite.de\/de\/?s={search_term_string}\"},\"query-input\":{\"@type\":\"PropertyValueSpecification\",\"valueRequired\":true,\"valueName\":\"search_term_string\"}}],\"inLanguage\":\"de\"},{\"@type\":\"Organization\",\"@id\":\"https:\/\/www.cheqsite.de\/de\/#organization\",\"name\":\"Cheqsite\",\"url\":\"https:\/\/www.cheqsite.de\/de\/\",\"logo\":{\"@type\":\"ImageObject\",\"inLanguage\":\"de\",\"@id\":\"https:\/\/www.cheqsite.de\/de\/#\/schema\/logo\/image\/\",\"url\":\"https:\/\/www.cheqsite.de\/wp-content\/uploads\/2020\/08\/cropped-cheqsite.png\",\"contentUrl\":\"https:\/\/www.cheqsite.de\/wp-content\/uploads\/2020\/08\/cropped-cheqsite.png\",\"width\":441,\"height\":112,\"caption\":\"Cheqsite\"},\"image\":{\"@id\":\"https:\/\/www.cheqsite.de\/de\/#\/schema\/logo\/image\/\"},\"sameAs\":[\"https:\/\/www.youtube.com\/channel\/UCqOC0NkT4Jcq5ueEVHE6YHg\"]}]}<\/script>\n<!-- \/ Yoast SEO plugin. -->","yoast_head_json":{"title":"Nutzungsbedingungen - CHEQSITE","robots":{"index":"index","follow":"follow","max-snippet":"max-snippet:-1","max-image-preview":"max-image-preview:large","max-video-preview":"max-video-preview:-1"},"canonical":"https:\/\/www.cheqsite.de\/de\/nutzungsbedingungen\/","og_locale":"de_DE","og_type":"article","og_title":"Nutzungsbedingungen - CHEQSITE","og_description":"[et_pb_section fb_built=&#8220;1&#8243; custom_padding_last_edited=&#8220;off|desktop&#8220; module_id=&#8220;cqs_section&#8220; _builder_version=&#8220;4.9.7&#8243; _module_preset=&#8220;default&#8220; background_color=&#8220;#04b1e4&#8243;][et_pb_row column_structure=&#8220;1_2,1_2&#8243; module_id=&#8220;article_row_header&#8220; _builder_version=&#8220;4.9.7&#8243; _module_preset=&#8220;default&#8220; background_image=&#8220;\/wp-content\/\/uploads\/2020\/08\/breadcrumbicons-web.png&#8220; background_size=&#8220;contain&#8220; width=&#8220;100%&#8220; min_height=&#8220;125px&#8220; custom_css_main_element=&#8220;display:flex;&#8220;][et_pb_column type=&#8220;1_2&#8243; _builder_version=&#8220;4.5.8&#8243; _module_preset=&#8220;default&#8220;][et_pb_text _builder_version=&#8220;4.7.7&#8243; _module_preset=&#8220;default&#8220; text_font=&#8220;Open Sans||||||||&#8220; text_text_color=&#8220;#ffffff&#8220; text_font_size=&#8220;20px&#8220; text_letter_spacing=&#8220;2px&#8220; width=&#8220;120%&#8220; custom_margin=&#8220;23px|-45px||||&#8220; custom_padding=&#8220;|100px||||&#8220;]NUTZUNGSBEDINGUNGEN[\/et_pb_text][\/et_pb_column][et_pb_column type=&#8220;1_2&#8243; _builder_version=&#8220;4.5.8&#8243; _module_preset=&#8220;default&#8220;][\/et_pb_column][\/et_pb_row][\/et_pb_section][et_pb_section fb_built=&#8220;1&#8243; _builder_version=&#8220;4.6.0&#8243; _module_preset=&#8220;default&#8220; custom_margin=&#8220;-10px|||||&#8220; custom_padding=&#8220;||38px|||&#8220;][et_pb_row column_structure=&#8220;3_4,1_4&#8243; _builder_version=&#8220;4.6.0&#8243; _module_preset=&#8220;default&#8220; custom_margin=&#8220;-41px|auto||auto||&#8220;][et_pb_column type=&#8220;3_4&#8243; _builder_version=&#8220;4.6.0&#8243; _module_preset=&#8220;default&#8220;][et_pb_text module_id=&#8220;contact_header&#8220; _builder_version=&#8220;4.9.7&#8243; _module_preset=&#8220;default&#8220; text_text_color=&#8220;#000000&#8243; text_font_size=&#8220;20px&#8220; text_letter_spacing=&#8220;1px&#8220; width_last_edited=&#8220;off|desktop&#8220;] CHEQSITE PRODUKTE F\u00dcR DIE [&hellip;]","og_url":"https:\/\/www.cheqsite.de\/de\/nutzungsbedingungen\/","og_site_name":"Cheqsite","article_modified_time":"2022-03-21T17:02:45+00:00","twitter_card":"summary_large_image","twitter_misc":{"Gesch\u00e4tzte Lesezeit":"5\u00a0Minuten"},"schema":{"@context":"https:\/\/schema.org","@graph":[{"@type":"WebPage","@id":"https:\/\/www.cheqsite.de\/de\/nutzungsbedingungen\/","url":"https:\/\/www.cheqsite.de\/de\/nutzungsbedingungen\/","name":"Nutzungsbedingungen - CHEQSITE","isPartOf":{"@id":"https:\/\/www.cheqsite.de\/de\/#website"},"datePublished":"2020-09-10T14:48:08+00:00","dateModified":"2022-03-21T17:02:45+00:00","breadcrumb":{"@id":"https:\/\/www.cheqsite.de\/de\/nutzungsbedingungen\/#breadcrumb"},"inLanguage":"de","potentialAction":[{"@type":"ReadAction","target":["https:\/\/www.cheqsite.de\/de\/nutzungsbedingungen\/"]}]},{"@type":"BreadcrumbList","@id":"https:\/\/www.cheqsite.de\/de\/nutzungsbedingungen\/#breadcrumb","itemListElement":[{"@type":"ListItem","position":1,"name":"Startseite","item":"https:\/\/www.cheqsite.de\/de\/"},{"@type":"ListItem","position":2,"name":"Nutzungsbedingungen"}]},{"@type":"WebSite","@id":"https:\/\/www.cheqsite.de\/de\/#website","url":"https:\/\/www.cheqsite.de\/de\/","name":"Cheqsite","description":"","publisher":{"@id":"https:\/\/www.cheqsite.de\/de\/#organization"},"potentialAction":[{"@type":"SearchAction","target":{"@type":"EntryPoint","urlTemplate":"https:\/\/www.cheqsite.de\/de\/?s={search_term_string}"},"query-input":{"@type":"PropertyValueSpecification","valueRequired":true,"valueName":"search_term_string"}}],"inLanguage":"de"},{"@type":"Organization","@id":"https:\/\/www.cheqsite.de\/de\/#organization","name":"Cheqsite","url":"https:\/\/www.cheqsite.de\/de\/","logo":{"@type":"ImageObject","inLanguage":"de","@id":"https:\/\/www.cheqsite.de\/de\/#\/schema\/logo\/image\/","url":"https:\/\/www.cheqsite.de\/wp-content\/uploads\/2020\/08\/cropped-cheqsite.png","contentUrl":"https:\/\/www.cheqsite.de\/wp-content\/uploads\/2020\/08\/cropped-cheqsite.png","width":441,"height":112,"caption":"Cheqsite"},"image":{"@id":"https:\/\/www.cheqsite.de\/de\/#\/schema\/logo\/image\/"},"sameAs":["https:\/\/www.youtube.com\/channel\/UCqOC0NkT4Jcq5ueEVHE6YHg"]}]}},"_links":{"self":[{"href":"https:\/\/www.cheqsite.de\/de\/wp-json\/wp\/v2\/pages\/1841","targetHints":{"allow":["GET"]}}],"collection":[{"href":"https:\/\/www.cheqsite.de\/de\/wp-json\/wp\/v2\/pages"}],"about":[{"href":"https:\/\/www.cheqsite.de\/de\/wp-json\/wp\/v2\/types\/page"}],"author":[{"embeddable":true,"href":"https:\/\/www.cheqsite.de\/de\/wp-json\/wp\/v2\/users\/8"}],"replies":[{"embeddable":true,"href":"https:\/\/www.cheqsite.de\/de\/wp-json\/wp\/v2\/comments?post=1841"}],"version-history":[{"count":0,"href":"https:\/\/www.cheqsite.de\/de\/wp-json\/wp\/v2\/pages\/1841\/revisions"}],"wp:attachment":[{"href":"https:\/\/www.cheqsite.de\/de\/wp-json\/wp\/v2\/media?parent=1841"}],"wp:term":[{"taxonomy":"wf_page_folders","embeddable":true,"href":"https:\/\/www.cheqsite.de\/de\/wp-json\/wp\/v2\/wf_page_folders?post=1841"}],"curies":[{"name":"wp","href":"https:\/\/api.w.org\/{rel}","templated":true}]}}