{"id":326,"date":"2020-08-27T10:26:32","date_gmt":"2020-08-27T10:26:32","guid":{"rendered":"http:\/\/https:\/\/www.wp.cheqsite.de\/?page_id=326"},"modified":"2025-02-13T06:49:11","modified_gmt":"2025-02-13T06:49:11","slug":"ueber-cheqsite","status":"publish","type":"page","link":"https:\/\/www.cheqsite.de\/de\/unternehmen\/ueber-cheqsite\/","title":{"rendered":"\u00dcber CHEQSITE"},"content":{"rendered":"<div id=\"et-boc\" class=\"et-boc\">\n\t\t\t\n\t\t<div class=\"et-l et-l--post\">\n\t\t\t<div class=\"et_builder_inner_content et_pb_gutters3\">\n\t\t<div id=\"cqs_section\" class=\"et_pb_section et_pb_section_0 et_pb_with_background  et_pb_css_mix_blend_mode et_section_regular\" >\n\t\t\t\t\n\t\t\t\t\n\t\t\t\t\n\t\t\t\t\n\t\t\t\t\t<div id=\"article_row_header\" class=\"et_pb_row et_pb_row_0  et_pb_css_mix_blend_mode\">\n\t\t\t\t<div class=\"et_pb_column et_pb_column_1_2 et_pb_column_0  et_pb_css_mix_blend_mode\">\n\t\t\t\t\n\t\t\t\t\n\t\t\t\t<div id=\"header_title_text_left\" class=\"et_pb_module et_pb_text et_pb_text_0  et_pb_text_align_left et_pb_bg_layout_light\">\n\t\t\t\t\n\t\t\t\t\n\t\t\t\t<div class=\"et_pb_text_inner\" data-et-multi-view=\"{&quot;schema&quot;:{&quot;content&quot;:{&quot;desktop&quot;:&quot;&lt;p&gt;\\u00dcBER &lt;em&gt;CHEQSITE&lt;\\\/em&gt;&lt;\\\/p&gt;&quot;,&quot;tablet&quot;:&quot;&lt;p&gt;&lt;label style=\\&quot;color: #ddd;\\&quot;&gt;Unternehmen\\\/&lt;\\\/label&gt; \\u00dcber &lt;em&gt;CHEQSITE&lt;\\\/em&gt;&lt;\\\/p&gt;&quot;}},&quot;slug&quot;:&quot;et_pb_text&quot;}\" data-et-multi-view-load-tablet-hidden=\"true\"><p>\u00dcBER <em>CHEQSITE<\/em><\/p><\/div>\n\t\t\t<\/div> <!-- .et_pb_text -->\n\t\t\t<\/div> <!-- .et_pb_column --><div class=\"et_pb_column et_pb_column_1_2 et_pb_column_1  et_pb_css_mix_blend_mode et-last-child\">\n\t\t\t\t\n\t\t\t\t\n\t\t\t\t<div class=\"et_pb_module et_pb_text et_pb_text_1 et_clickable  et_pb_text_align_right et_pb_bg_layout_light\">\n\t\t\t\t\n\t\t\t\t\n\t\t\t\t<div class=\"et_pb_text_inner\">Unternehmen<\/div>\n\t\t\t<\/div> <!-- .et_pb_text -->\n\t\t\t<\/div> <!-- .et_pb_column -->\n\t\t\t\t\n\t\t\t\t\n\t\t\t<\/div> <!-- .et_pb_row -->\n\t\t\t\t\n\t\t\t\t\n\t\t\t<\/div> <!-- .et_pb_section --><div id=\"cqs_section\" class=\"et_pb_section et_pb_section_1  et_pb_css_mix_blend_mode et_section_regular\" >\n\t\t\t\t\n\t\t\t\t\n\t\t\t\t\n\t\t\t\t\n\t\t\t\t\t<div id=\"about_row_abouttext\" class=\"et_pb_row et_pb_row_1  et_pb_css_mix_blend_mode\">\n\t\t\t\t<div class=\"et_pb_column et_pb_column_4_4 et_pb_column_2  et_pb_css_mix_blend_mode et-last-child\">\n\t\t\t\t\n\t\t\t\t\n\t\t\t\t<div class=\"et_pb_module et_pb_text et_pb_text_2  et_pb_text_align_center et_pb_bg_layout_light\">\n\t\t\t\t\n\t\t\t\t\n\t\t\t\t<div class=\"et_pb_text_inner\"><h3>\u00dcber <em>CHEQSITE<\/em><\/h3><\/div>\n\t\t\t<\/div> <!-- .et_pb_text --><div id=\"default_text\" class=\"et_pb_module et_pb_text et_pb_text_3  et_pb_text_align_center et_pb_bg_layout_light\">\n\t\t\t\t\n\t\t\t\t\n\t\t\t\t<div class=\"et_pb_text_inner\"><p>Das <em>CHEQSITE<\/em>-Team entwickelt professionelle Softwarel\u00f6sungen f\u00fcr Audits und Inspektionen mit besonderem Fokus auf Ergonomie und Mobilit\u00e4t. Zu unseren Kunden z\u00e4hlen professionelle Pr\u00fcfer und Unternehmen aus verschiedenen Branchen der Wirtschaft und dem produzierenden Gewerbe. Klassische Anwendungen sind z.B. DGUV Betriebsmittelpr\u00fcfungen, Gef\u00e4hrdungsbeurteilungen, Wartung und Instandhaltung von Anlagen, Qualit\u00e4tskontrollen und die digitale Datenerfassung.<\/p>\n<p>Unsere Apps f\u00fcr mobile Ger\u00e4te und Desktop-Computer vereinfachen und automatisieren den gesamten Pr\u00fcfprozess von der Terminvorbereitung, der eigentlichen Pr\u00fcfung vor Ort, bis hin zur Dokumentation und Analyse der Pr\u00fcfergebnisse. Mit den flexiblen Softwarewerkzeugen wird eine deutliche Produktivit\u00e4tssteigerung bei gleichzeitiger Verbesserung von Qualit\u00e4t, Transparenz und Regeltreue erzielt.<\/p>\n<p>Unser Ziel ist es effiziente Audit- und Inspektionsl\u00f6sungen f\u00fcr unsere Kunden umzusetzen.<\/p><\/div>\n\t\t\t<\/div> <!-- .et_pb_text -->\n\t\t\t<\/div> <!-- .et_pb_column -->\n\t\t\t\t\n\t\t\t\t\n\t\t\t<\/div> <!-- .et_pb_row -->\n\t\t\t\t\n\t\t\t\t\n\t\t\t<\/div> <!-- .et_pb_section --><div id=\"cqs_section\" class=\"et_pb_section et_pb_section_2 et_pb_with_background  et_pb_css_mix_blend_mode et_section_regular\" >\n\t\t\t\t\n\t\t\t\t\n\t\t\t\t\n\t\t\t\t\n\t\t\t\t\t<div id=\"about_row_philosophy\" class=\"et_pb_row et_pb_row_2  et_pb_css_mix_blend_mode\">\n\t\t\t\t<div class=\"et_pb_column et_pb_column_4_4 et_pb_column_3  et_pb_css_mix_blend_mode et-last-child\">\n\t\t\t\t\n\t\t\t\t\n\t\t\t\t<div class=\"et_pb_module et_pb_text et_pb_text_4  et_pb_text_align_center et_pb_bg_layout_light\">\n\t\t\t\t\n\t\t\t\t\n\t\t\t\t<div class=\"et_pb_text_inner\"><h3>Philosophie<\/h3><\/div>\n\t\t\t<\/div> <!-- .et_pb_text --><div id=\"about_philosophy_img\" class=\"et_pb_module et_pb_image et_pb_image_0\">\n\t\t\t\t\n\t\t\t\t\n\t\t\t\t<span class=\"et_pb_image_wrap \"><img decoding=\"async\" src=\"\/wp-content\/\/uploads\/2020\/08\/drdanielodry.jpg\" alt=\"\" title=\"drdanielodry\" \/><\/span>\n\t\t\t<\/div><div id=\"about_philosophy_textwhite\" class=\"et_pb_module et_pb_text et_pb_text_5  et_pb_text_align_center et_pb_bg_layout_light\">\n\t\t\t\t\n\t\t\t\t\n\t\t\t\t<div class=\"et_pb_text_inner\"><p>&#8211; EINFACH, PRAKTISCH, MOBIL &#8211;<br \/>&#8222;Wir entwickeln schlanke Software mit verst\u00e4ndlicher Bedienung und ausgefeilter Funktionalit\u00e4t. Die Apps sind flexibel anpassbar und lassen sich einfach in bestehende Arbeitsprozesse und informationstechnische Infrastrukturen integrieren. Pr\u00fcfer und Unternehmen profitieren dabei gleicherma\u00dfen von der simplen Einrichtung und unserem professionellen Komplettservice.&#8220;<\/p><\/div>\n\t\t\t<\/div> <!-- .et_pb_text --><div id=\"about_philosophy_sign\" class=\"et_pb_module et_pb_text et_pb_text_6  et_pb_text_align_center et_pb_bg_layout_light\">\n\t\t\t\t\n\t\t\t\t\n\t\t\t\t<div class=\"et_pb_text_inner\"><p>Dr.-Ing. Daniel Odry &#8211; Gesch\u00e4ftsf\u00fchrer<\/p><\/div>\n\t\t\t<\/div> <!-- .et_pb_text -->\n\t\t\t<\/div> <!-- .et_pb_column -->\n\t\t\t\t\n\t\t\t\t\n\t\t\t<\/div> <!-- .et_pb_row -->\n\t\t\t\t\n\t\t\t\t\n\t\t\t<\/div> <!-- .et_pb_section --><div id=\"cqs_section_history\" class=\"et_pb_section et_pb_section_3  et_pb_css_mix_blend_mode et_section_regular\" >\n\t\t\t\t\n\t\t\t\t\n\t\t\t\t\n\t\t\t\t\n\t\t\t\t\t<div id=\"about_row_historytitle\" class=\"et_pb_row et_pb_row_3  et_pb_css_mix_blend_mode\">\n\t\t\t\t<div class=\"et_pb_column et_pb_column_4_4 et_pb_column_4  et_pb_css_mix_blend_mode et-last-child\">\n\t\t\t\t\n\t\t\t\t\n\t\t\t\t<div class=\"et_pb_module et_pb_text et_pb_text_7  et_pb_text_align_center et_pb_bg_layout_light\">\n\t\t\t\t\n\t\t\t\t\n\t\t\t\t<div class=\"et_pb_text_inner\"><h3>Geschichte<\/h3><\/div>\n\t\t\t<\/div> <!-- .et_pb_text -->\n\t\t\t<\/div> <!-- .et_pb_column -->\n\t\t\t\t\n\t\t\t\t\n\t\t\t<\/div> <!-- .et_pb_row --><div id=\"about_row_date\" class=\"et_pb_row et_pb_row_4  et_pb_css_mix_blend_mode\">\n\t\t\t\t<div class=\"et_pb_column et_pb_column_4_4 et_pb_column_5  et_pb_css_mix_blend_mode et-last-child\">\n\t\t\t\t\n\t\t\t\t\n\t\t\t\t<div id=\"about_history_year\" class=\"et_pb_module et_pb_text et_pb_text_8  et_pb_text_align_center et_pb_bg_layout_light\">\n\t\t\t\t\n\t\t\t\t\n\t\t\t\t<div class=\"et_pb_text_inner\"><h4>2025<\/h4><\/div>\n\t\t\t<\/div> <!-- .et_pb_text --><div id=\"default_text\" class=\"et_pb_module et_pb_text et_pb_text_9  et_pb_text_align_center et_pb_bg_layout_light\">\n\t\t\t\t\n\t\t\t\t\n\t\t\t\t<div class=\"et_pb_text_inner\"><p>sind wir mit neuen Funktionen auf allen Plattformen am Start, darunter Android, iOS, Windows, Mac und Linux.<\/p><\/div>\n\t\t\t<\/div> <!-- .et_pb_text --><div id=\"about_divider\" class=\"et_pb_module et_pb_divider et_pb_divider_0 et_pb_space\"><div class=\"et_pb_divider_internal\"><\/div><\/div>\n\t\t\t<\/div> <!-- .et_pb_column -->\n\t\t\t\t\n\t\t\t\t\n\t\t\t<\/div> <!-- .et_pb_row --><div id=\"about_row_date\" class=\"et_pb_row et_pb_row_5  et_pb_css_mix_blend_mode\">\n\t\t\t\t<div class=\"et_pb_column et_pb_column_4_4 et_pb_column_6  et_pb_css_mix_blend_mode et-last-child\">\n\t\t\t\t\n\t\t\t\t\n\t\t\t\t<div id=\"about_history_year\" class=\"et_pb_module et_pb_text et_pb_text_10  et_pb_text_align_center et_pb_bg_layout_light\">\n\t\t\t\t\n\t\t\t\t\n\t\t\t\t<div class=\"et_pb_text_inner\"><h4>2024<\/h4><\/div>\n\t\t\t<\/div> <!-- .et_pb_text --><div id=\"default_text\" class=\"et_pb_module et_pb_text et_pb_text_11  et_pb_text_align_center et_pb_bg_layout_light\">\n\t\t\t\t\n\t\t\t\t\n\t\t\t\t<div class=\"et_pb_text_inner\"><p>ist die erste SAPUI5 und Fiori Anwendung in der Entwicklung und im prototypischen Einsatz bei Gro\u00dfkunden.<\/p><\/div>\n\t\t\t<\/div> <!-- .et_pb_text --><div id=\"about_divider\" class=\"et_pb_module et_pb_divider et_pb_divider_1 et_pb_space\"><div class=\"et_pb_divider_internal\"><\/div><\/div>\n\t\t\t<\/div> <!-- .et_pb_column -->\n\t\t\t\t\n\t\t\t\t\n\t\t\t<\/div> <!-- .et_pb_row --><div id=\"about_row_date\" class=\"et_pb_row et_pb_row_6  et_pb_css_mix_blend_mode\">\n\t\t\t\t<div class=\"et_pb_column et_pb_column_4_4 et_pb_column_7  et_pb_css_mix_blend_mode et-last-child\">\n\t\t\t\t\n\t\t\t\t\n\t\t\t\t<div id=\"about_history_year\" class=\"et_pb_module et_pb_text et_pb_text_12  et_pb_text_align_center et_pb_bg_layout_light\">\n\t\t\t\t\n\t\t\t\t\n\t\t\t\t<div class=\"et_pb_text_inner\"><h4>2022<\/h4><\/div>\n\t\t\t<\/div> <!-- .et_pb_text --><div id=\"default_text\" class=\"et_pb_module et_pb_text et_pb_text_13  et_pb_text_align_center et_pb_bg_layout_light\">\n\t\t\t\t\n\t\t\t\t\n\t\t\t\t<div class=\"et_pb_text_inner\"><p>sind kundenspezifische Software-Versionen f\u00fcr Datenerfassung und Auswertung in der industriellen Fertigung im Einsatz.<\/p><\/div>\n\t\t\t<\/div> <!-- .et_pb_text --><div id=\"about_divider\" class=\"et_pb_module et_pb_divider et_pb_divider_2 et_pb_space\"><div class=\"et_pb_divider_internal\"><\/div><\/div>\n\t\t\t<\/div> <!-- .et_pb_column -->\n\t\t\t\t\n\t\t\t\t\n\t\t\t<\/div> <!-- .et_pb_row --><div id=\"about_row_date\" class=\"et_pb_row et_pb_row_7  et_pb_css_mix_blend_mode\">\n\t\t\t\t<div class=\"et_pb_column et_pb_column_4_4 et_pb_column_8  et_pb_css_mix_blend_mode et-last-child\">\n\t\t\t\t\n\t\t\t\t\n\t\t\t\t<div id=\"about_history_year\" class=\"et_pb_module et_pb_text et_pb_text_14  et_pb_text_align_center et_pb_bg_layout_light\">\n\t\t\t\t\n\t\t\t\t\n\t\t\t\t<div class=\"et_pb_text_inner\"><h4>2020<\/h4><\/div>\n\t\t\t<\/div> <!-- .et_pb_text --><div id=\"default_text\" class=\"et_pb_module et_pb_text et_pb_text_15  et_pb_text_align_center et_pb_bg_layout_light\">\n\t\t\t\t\n\t\t\t\t\n\t\t\t\t<div class=\"et_pb_text_inner\"><p>wird die neue cloudbasierte Software f\u00fcr Instandhaltung und DGUV Pr\u00fcfung von Betriebsmitteln bei ausgew\u00e4hlten Kunden eingef\u00fchrt.<\/p><\/div>\n\t\t\t<\/div> <!-- .et_pb_text --><div id=\"about_divider\" class=\"et_pb_module et_pb_divider et_pb_divider_3 et_pb_space\"><div class=\"et_pb_divider_internal\"><\/div><\/div>\n\t\t\t<\/div> <!-- .et_pb_column -->\n\t\t\t\t\n\t\t\t\t\n\t\t\t<\/div> <!-- .et_pb_row --><div id=\"about_row_date\" class=\"et_pb_row et_pb_row_8  et_pb_css_mix_blend_mode\">\n\t\t\t\t<div class=\"et_pb_column et_pb_column_4_4 et_pb_column_9  et_pb_css_mix_blend_mode et-last-child\">\n\t\t\t\t\n\t\t\t\t\n\t\t\t\t<div id=\"about_history_year\" class=\"et_pb_module et_pb_text et_pb_text_16  et_pb_text_align_center et_pb_bg_layout_light\">\n\t\t\t\t\n\t\t\t\t\n\t\t\t\t<div class=\"et_pb_text_inner\"><h4>2018<\/h4><\/div>\n\t\t\t<\/div> <!-- .et_pb_text --><div id=\"default_text\" class=\"et_pb_module et_pb_text et_pb_text_17  et_pb_text_align_center et_pb_bg_layout_light\">\n\t\t\t\t\n\t\t\t\t\n\t\t\t\t<div class=\"et_pb_text_inner\"><p>bekommt <em>CHEQSITE<\/em> die Auszeichnung als exzellente technologieorientierte Ausgr\u00fcndung der TU Berlin mit dem StarTUp-Label.<\/p><\/div>\n\t\t\t<\/div> <!-- .et_pb_text --><div id=\"about_divider\" class=\"et_pb_module et_pb_divider et_pb_divider_4 et_pb_space\"><div class=\"et_pb_divider_internal\"><\/div><\/div>\n\t\t\t<\/div> <!-- .et_pb_column -->\n\t\t\t\t\n\t\t\t\t\n\t\t\t<\/div> <!-- .et_pb_row --><div id=\"about_row_date\" class=\"et_pb_row et_pb_row_9  et_pb_css_mix_blend_mode\">\n\t\t\t\t<div class=\"et_pb_column et_pb_column_4_4 et_pb_column_10  et_pb_css_mix_blend_mode et-last-child\">\n\t\t\t\t\n\t\t\t\t\n\t\t\t\t<div id=\"about_history_year\" class=\"et_pb_module et_pb_text et_pb_text_18  et_pb_text_align_center et_pb_bg_layout_light\">\n\t\t\t\t\n\t\t\t\t\n\t\t\t\t<div class=\"et_pb_text_inner\"><h4>2016<\/h4><\/div>\n\t\t\t<\/div> <!-- .et_pb_text --><div id=\"default_text\" class=\"et_pb_module et_pb_text et_pb_text_19  et_pb_text_align_center et_pb_bg_layout_light\">\n\t\t\t\t\n\t\t\t\t\n\t\t\t\t<div class=\"et_pb_text_inner\"><p>ist die Markteinf\u00fchrung der innovativen Apps f\u00fcr DGUV Pr\u00fcfungen und damit verbunden auch die Gr\u00fcndung der <em>CHEQSITE<\/em> GmbH.<\/p><\/div>\n\t\t\t<\/div> <!-- .et_pb_text --><div id=\"about_divider\" class=\"et_pb_module et_pb_divider et_pb_divider_5 et_pb_space\"><div class=\"et_pb_divider_internal\"><\/div><\/div>\n\t\t\t<\/div> <!-- .et_pb_column -->\n\t\t\t\t\n\t\t\t\t\n\t\t\t<\/div> <!-- .et_pb_row --><div id=\"about_row_date\" class=\"et_pb_row et_pb_row_10  et_pb_css_mix_blend_mode\">\n\t\t\t\t<div class=\"et_pb_column et_pb_column_4_4 et_pb_column_11  et_pb_css_mix_blend_mode et-last-child\">\n\t\t\t\t\n\t\t\t\t\n\t\t\t\t<div id=\"about_history_year\" class=\"et_pb_module et_pb_text et_pb_text_20  et_pb_text_align_center et_pb_bg_layout_light\">\n\t\t\t\t\n\t\t\t\t\n\t\t\t\t<div class=\"et_pb_text_inner\"><h4>2012<\/h4><\/div>\n\t\t\t<\/div> <!-- .et_pb_text --><div id=\"default_text\" class=\"et_pb_module et_pb_text et_pb_text_21  et_pb_text_align_center et_pb_bg_layout_light\">\n\t\t\t\t\n\t\t\t\t\n\t\t\t\t<div class=\"et_pb_text_inner\">werden mit dem VBG Arbeitsschutzpreis ausgezeichnete Spezialanwendungen f\u00fcr Arbeitsschutzaufgaben implementiert.<\/div>\n\t\t\t<\/div> <!-- .et_pb_text --><div id=\"about_divider\" class=\"et_pb_module et_pb_divider et_pb_divider_6 et_pb_space\"><div class=\"et_pb_divider_internal\"><\/div><\/div>\n\t\t\t<\/div> <!-- .et_pb_column -->\n\t\t\t\t\n\t\t\t\t\n\t\t\t<\/div> <!-- .et_pb_row --><div id=\"about_row_date\" class=\"et_pb_row et_pb_row_11  et_pb_css_mix_blend_mode\">\n\t\t\t\t<div class=\"et_pb_column et_pb_column_4_4 et_pb_column_12  et_pb_css_mix_blend_mode et-last-child\">\n\t\t\t\t\n\t\t\t\t\n\t\t\t\t<div id=\"about_history_year\" class=\"et_pb_module et_pb_text et_pb_text_22  et_pb_text_align_center et_pb_bg_layout_light\">\n\t\t\t\t\n\t\t\t\t\n\t\t\t\t<div class=\"et_pb_text_inner\"><h4>2009<\/h4><\/div>\n\t\t\t<\/div> <!-- .et_pb_text --><div id=\"default_text\" class=\"et_pb_module et_pb_text et_pb_text_23  et_pb_text_align_center et_pb_bg_layout_light\">\n\t\t\t\t\n\t\t\t\t\n\t\t\t\t<div class=\"et_pb_text_inner\">erfolgt der Einstieg in die professionelle Produktion von mobiler Software im Bereich Medien und Umwelt.<\/div>\n\t\t\t<\/div> <!-- .et_pb_text --><div id=\"about_divider\" class=\"et_pb_module et_pb_divider et_pb_divider_7 et_pb_space\"><div class=\"et_pb_divider_internal\"><\/div><\/div>\n\t\t\t<\/div> <!-- .et_pb_column -->\n\t\t\t\t\n\t\t\t\t\n\t\t\t<\/div> <!-- .et_pb_row --><div id=\"about_row_date\" class=\"et_pb_row et_pb_row_12  et_pb_css_mix_blend_mode\">\n\t\t\t\t<div class=\"et_pb_column et_pb_column_4_4 et_pb_column_13  et_pb_css_mix_blend_mode et-last-child\">\n\t\t\t\t\n\t\t\t\t\n\t\t\t\t<div id=\"about_history_year\" class=\"et_pb_module et_pb_text et_pb_text_24  et_pb_text_align_center et_pb_bg_layout_light\">\n\t\t\t\t\n\t\t\t\t\n\t\t\t\t<div class=\"et_pb_text_inner\"><h4>2007<\/h4><\/div>\n\t\t\t<\/div> <!-- .et_pb_text --><div id=\"default_text\" class=\"et_pb_module et_pb_text et_pb_text_25  et_pb_text_align_center et_pb_bg_layout_light\">\n\t\t\t\t\n\t\t\t\t\n\t\t\t\t<div class=\"et_pb_text_inner\">werden prototypische Anwendungen f\u00fcr \u00dcberwachung und Instandhaltung Produktionsmaschinen und Bahnfahrzeugen umgesetzt.<\/div>\n\t\t\t<\/div> <!-- .et_pb_text --><div id=\"about_divider\" class=\"et_pb_module et_pb_divider et_pb_divider_8 et_pb_space\"><div class=\"et_pb_divider_internal\"><\/div><\/div>\n\t\t\t<\/div> <!-- .et_pb_column -->\n\t\t\t\t\n\t\t\t\t\n\t\t\t<\/div> <!-- .et_pb_row --><div id=\"about_row_date\" class=\"et_pb_row et_pb_row_13  et_pb_css_mix_blend_mode\">\n\t\t\t\t<div class=\"et_pb_column et_pb_column_4_4 et_pb_column_14  et_pb_css_mix_blend_mode et-last-child\">\n\t\t\t\t\n\t\t\t\t\n\t\t\t\t<div id=\"about_history_year\" class=\"et_pb_module et_pb_text et_pb_text_26  et_pb_text_align_center et_pb_bg_layout_light\">\n\t\t\t\t\n\t\t\t\t\n\t\t\t\t<div class=\"et_pb_text_inner\"><h4>2005<\/h4><\/div>\n\t\t\t<\/div> <!-- .et_pb_text --><div id=\"default_text\" class=\"et_pb_module et_pb_text et_pb_text_27  et_pb_text_align_center et_pb_bg_layout_light\">\n\t\t\t\t\n\t\t\t\t\n\t\t\t\t<div class=\"et_pb_text_inner\">entwickelt das Gr\u00fcndungsteam erste Fitnessanwendungen f\u00fcr Mobiltelefone von Nokia mit Symbian Betriebssystem.<\/div>\n\t\t\t<\/div> <!-- .et_pb_text --><div id=\"about_divider\" class=\"et_pb_module et_pb_divider et_pb_divider_9 et_pb_space\"><div class=\"et_pb_divider_internal\"><\/div><\/div>\n\t\t\t<\/div> <!-- .et_pb_column -->\n\t\t\t\t\n\t\t\t\t\n\t\t\t<\/div> <!-- .et_pb_row -->\n\t\t\t\t\n\t\t\t\t\n\t\t\t<\/div> <!-- .et_pb_section -->\t\t<\/div><!-- .et_builder_inner_content -->\n\t<\/div><!-- .et-l -->\n\t\n\t\t\t\n\t\t<\/div><!-- #et-boc -->\n\t\t","protected":false},"excerpt":{"rendered":"<p>\u00dcbersicht der Kompetenzen, Philosophie und Geschichte der CHEQSITE GmbH.<\/p>\n","protected":false},"author":8,"featured_media":0,"parent":320,"menu_order":0,"comment_status":"closed","ping_status":"closed","template":"","meta":{"_et_pb_use_builder":"on","_et_pb_old_content":"","_et_gb_content_width":"","_monsterinsights_skip_tracking":false,"_monsterinsights_sitenote_active":false,"_monsterinsights_sitenote_note":"","_monsterinsights_sitenote_category":0,"footnotes":""},"wf_page_folders":[52],"class_list":["post-326","page","type-page","status-publish","hentry"],"yoast_head":"<!-- This site is optimized with the Yoast SEO plugin v26.9 - https:\/\/yoast.com\/product\/yoast-seo-wordpress\/ -->\n<title>\u00dcber Cheqsite - CHEQSITE<\/title>\n<meta name=\"description\" content=\"\u00dcbersicht der Kompetenzen, Philosophie und Geschichte der CHEQSITE GmbH.\" \/>\n<meta name=\"robots\" content=\"index, follow, max-snippet:-1, max-image-preview:large, max-video-preview:-1\" \/>\n<link rel=\"canonical\" href=\"https:\/\/www.cheqsite.de\/de\/unternehmen\/ueber-cheqsite\/\" \/>\n<meta property=\"og:locale\" content=\"de_DE\" \/>\n<meta property=\"og:type\" content=\"article\" \/>\n<meta property=\"og:title\" content=\"\u00dcber Cheqsite - CHEQSITE\" \/>\n<meta property=\"og:description\" content=\"\u00dcbersicht der Kompetenzen, Philosophie und Geschichte der CHEQSITE GmbH.\" \/>\n<meta property=\"og:url\" content=\"https:\/\/www.cheqsite.de\/de\/unternehmen\/ueber-cheqsite\/\" \/>\n<meta property=\"og:site_name\" content=\"Cheqsite\" \/>\n<meta property=\"article:modified_time\" content=\"2025-02-13T06:49:11+00:00\" \/>\n<meta name=\"twitter:card\" content=\"summary_large_image\" \/>\n<meta name=\"twitter:label1\" content=\"Gesch\u00e4tzte Lesezeit\" \/>\n\t<meta name=\"twitter:data1\" content=\"4\u00a0Minuten\" \/>\n<script type=\"application\/ld+json\" class=\"yoast-schema-graph\">{\"@context\":\"https:\/\/schema.org\",\"@graph\":[{\"@type\":\"WebPage\",\"@id\":\"https:\/\/www.cheqsite.de\/de\/unternehmen\/ueber-cheqsite\/\",\"url\":\"https:\/\/www.cheqsite.de\/de\/unternehmen\/ueber-cheqsite\/\",\"name\":\"\u00dcber Cheqsite - CHEQSITE\",\"isPartOf\":{\"@id\":\"https:\/\/www.cheqsite.de\/de\/#website\"},\"datePublished\":\"2020-08-27T10:26:32+00:00\",\"dateModified\":\"2025-02-13T06:49:11+00:00\",\"description\":\"\u00dcbersicht der Kompetenzen, Philosophie und Geschichte der CHEQSITE GmbH.\",\"breadcrumb\":{\"@id\":\"https:\/\/www.cheqsite.de\/de\/unternehmen\/ueber-cheqsite\/#breadcrumb\"},\"inLanguage\":\"de\",\"potentialAction\":[{\"@type\":\"ReadAction\",\"target\":[\"https:\/\/www.cheqsite.de\/de\/unternehmen\/ueber-cheqsite\/\"]}]},{\"@type\":\"BreadcrumbList\",\"@id\":\"https:\/\/www.cheqsite.de\/de\/unternehmen\/ueber-cheqsite\/#breadcrumb\",\"itemListElement\":[{\"@type\":\"ListItem\",\"position\":1,\"name\":\"Startseite\",\"item\":\"https:\/\/www.cheqsite.de\/de\/\"},{\"@type\":\"ListItem\",\"position\":2,\"name\":\"Unternehmen\",\"item\":\"https:\/\/www.cheqsite.de\/de\/unternehmen\/\"},{\"@type\":\"ListItem\",\"position\":3,\"name\":\"\u00dcber CHEQSITE\"}]},{\"@type\":\"WebSite\",\"@id\":\"https:\/\/www.cheqsite.de\/de\/#website\",\"url\":\"https:\/\/www.cheqsite.de\/de\/\",\"name\":\"Cheqsite\",\"description\":\"\",\"publisher\":{\"@id\":\"https:\/\/www.cheqsite.de\/de\/#organization\"},\"potentialAction\":[{\"@type\":\"SearchAction\",\"target\":{\"@type\":\"EntryPoint\",\"urlTemplate\":\"https:\/\/www.cheqsite.de\/de\/?s={search_term_string}\"},\"query-input\":{\"@type\":\"PropertyValueSpecification\",\"valueRequired\":true,\"valueName\":\"search_term_string\"}}],\"inLanguage\":\"de\"},{\"@type\":\"Organization\",\"@id\":\"https:\/\/www.cheqsite.de\/de\/#organization\",\"name\":\"Cheqsite\",\"url\":\"https:\/\/www.cheqsite.de\/de\/\",\"logo\":{\"@type\":\"ImageObject\",\"inLanguage\":\"de\",\"@id\":\"https:\/\/www.cheqsite.de\/de\/#\/schema\/logo\/image\/\",\"url\":\"https:\/\/www.cheqsite.de\/wp-content\/uploads\/2020\/08\/cropped-cheqsite.png\",\"contentUrl\":\"https:\/\/www.cheqsite.de\/wp-content\/uploads\/2020\/08\/cropped-cheqsite.png\",\"width\":441,\"height\":112,\"caption\":\"Cheqsite\"},\"image\":{\"@id\":\"https:\/\/www.cheqsite.de\/de\/#\/schema\/logo\/image\/\"},\"sameAs\":[\"https:\/\/www.youtube.com\/channel\/UCqOC0NkT4Jcq5ueEVHE6YHg\"]}]}<\/script>\n<!-- \/ Yoast SEO plugin. -->","yoast_head_json":{"title":"\u00dcber Cheqsite - CHEQSITE","description":"\u00dcbersicht der Kompetenzen, Philosophie und Geschichte der CHEQSITE GmbH.","robots":{"index":"index","follow":"follow","max-snippet":"max-snippet:-1","max-image-preview":"max-image-preview:large","max-video-preview":"max-video-preview:-1"},"canonical":"https:\/\/www.cheqsite.de\/de\/unternehmen\/ueber-cheqsite\/","og_locale":"de_DE","og_type":"article","og_title":"\u00dcber Cheqsite - CHEQSITE","og_description":"\u00dcbersicht der Kompetenzen, Philosophie und Geschichte der CHEQSITE GmbH.","og_url":"https:\/\/www.cheqsite.de\/de\/unternehmen\/ueber-cheqsite\/","og_site_name":"Cheqsite","article_modified_time":"2025-02-13T06:49:11+00:00","twitter_card":"summary_large_image","twitter_misc":{"Gesch\u00e4tzte Lesezeit":"4\u00a0Minuten"},"schema":{"@context":"https:\/\/schema.org","@graph":[{"@type":"WebPage","@id":"https:\/\/www.cheqsite.de\/de\/unternehmen\/ueber-cheqsite\/","url":"https:\/\/www.cheqsite.de\/de\/unternehmen\/ueber-cheqsite\/","name":"\u00dcber Cheqsite - CHEQSITE","isPartOf":{"@id":"https:\/\/www.cheqsite.de\/de\/#website"},"datePublished":"2020-08-27T10:26:32+00:00","dateModified":"2025-02-13T06:49:11+00:00","description":"\u00dcbersicht der Kompetenzen, Philosophie und Geschichte der CHEQSITE GmbH.","breadcrumb":{"@id":"https:\/\/www.cheqsite.de\/de\/unternehmen\/ueber-cheqsite\/#breadcrumb"},"inLanguage":"de","potentialAction":[{"@type":"ReadAction","target":["https:\/\/www.cheqsite.de\/de\/unternehmen\/ueber-cheqsite\/"]}]},{"@type":"BreadcrumbList","@id":"https:\/\/www.cheqsite.de\/de\/unternehmen\/ueber-cheqsite\/#breadcrumb","itemListElement":[{"@type":"ListItem","position":1,"name":"Startseite","item":"https:\/\/www.cheqsite.de\/de\/"},{"@type":"ListItem","position":2,"name":"Unternehmen","item":"https:\/\/www.cheqsite.de\/de\/unternehmen\/"},{"@type":"ListItem","position":3,"name":"\u00dcber CHEQSITE"}]},{"@type":"WebSite","@id":"https:\/\/www.cheqsite.de\/de\/#website","url":"https:\/\/www.cheqsite.de\/de\/","name":"Cheqsite","description":"","publisher":{"@id":"https:\/\/www.cheqsite.de\/de\/#organization"},"potentialAction":[{"@type":"SearchAction","target":{"@type":"EntryPoint","urlTemplate":"https:\/\/www.cheqsite.de\/de\/?s={search_term_string}"},"query-input":{"@type":"PropertyValueSpecification","valueRequired":true,"valueName":"search_term_string"}}],"inLanguage":"de"},{"@type":"Organization","@id":"https:\/\/www.cheqsite.de\/de\/#organization","name":"Cheqsite","url":"https:\/\/www.cheqsite.de\/de\/","logo":{"@type":"ImageObject","inLanguage":"de","@id":"https:\/\/www.cheqsite.de\/de\/#\/schema\/logo\/image\/","url":"https:\/\/www.cheqsite.de\/wp-content\/uploads\/2020\/08\/cropped-cheqsite.png","contentUrl":"https:\/\/www.cheqsite.de\/wp-content\/uploads\/2020\/08\/cropped-cheqsite.png","width":441,"height":112,"caption":"Cheqsite"},"image":{"@id":"https:\/\/www.cheqsite.de\/de\/#\/schema\/logo\/image\/"},"sameAs":["https:\/\/www.youtube.com\/channel\/UCqOC0NkT4Jcq5ueEVHE6YHg"]}]}},"_links":{"self":[{"href":"https:\/\/www.cheqsite.de\/de\/wp-json\/wp\/v2\/pages\/326","targetHints":{"allow":["GET"]}}],"collection":[{"href":"https:\/\/www.cheqsite.de\/de\/wp-json\/wp\/v2\/pages"}],"about":[{"href":"https:\/\/www.cheqsite.de\/de\/wp-json\/wp\/v2\/types\/page"}],"author":[{"embeddable":true,"href":"https:\/\/www.cheqsite.de\/de\/wp-json\/wp\/v2\/users\/8"}],"replies":[{"embeddable":true,"href":"https:\/\/www.cheqsite.de\/de\/wp-json\/wp\/v2\/comments?post=326"}],"version-history":[{"count":2,"href":"https:\/\/www.cheqsite.de\/de\/wp-json\/wp\/v2\/pages\/326\/revisions"}],"predecessor-version":[{"id":25252,"href":"https:\/\/www.cheqsite.de\/de\/wp-json\/wp\/v2\/pages\/326\/revisions\/25252"}],"up":[{"embeddable":true,"href":"https:\/\/www.cheqsite.de\/de\/wp-json\/wp\/v2\/pages\/320"}],"wp:attachment":[{"href":"https:\/\/www.cheqsite.de\/de\/wp-json\/wp\/v2\/media?parent=326"}],"wp:term":[{"taxonomy":"wf_page_folders","embeddable":true,"href":"https:\/\/www.cheqsite.de\/de\/wp-json\/wp\/v2\/wf_page_folders?post=326"}],"curies":[{"name":"wp","href":"https:\/\/api.w.org\/{rel}","templated":true}]}}