{"id":360,"date":"2020-08-27T12:40:27","date_gmt":"2020-08-27T12:40:27","guid":{"rendered":"http:\/\/https:\/\/www.wp.cheqsite.de\/?page_id=360"},"modified":"2025-03-27T14:53:37","modified_gmt":"2025-03-27T14:53:37","slug":"karriere","status":"publish","type":"page","link":"https:\/\/www.cheqsite.de\/de\/unternehmen\/karriere\/","title":{"rendered":"Karriere"},"content":{"rendered":"<div id=\"et-boc\" class=\"et-boc\">\n\t\t\t\n\t\t<div class=\"et-l et-l--post\">\n\t\t\t<div class=\"et_builder_inner_content et_pb_gutters3\">\n\t\t<div id=\"cqs_section\" class=\"et_pb_section et_pb_section_0 et_pb_with_background  et_pb_css_mix_blend_mode et_section_regular\" >\n\t\t\t\t\n\t\t\t\t\n\t\t\t\t\n\t\t\t\t\n\t\t\t\t\t<div id=\"article_row_header\" class=\"et_pb_row et_pb_row_0  et_pb_css_mix_blend_mode\">\n\t\t\t\t<div class=\"et_pb_column et_pb_column_1_2 et_pb_column_0  et_pb_css_mix_blend_mode\">\n\t\t\t\t\n\t\t\t\t\n\t\t\t\t<div id=\"header_title_text_left\" class=\"et_pb_module et_pb_text et_pb_text_0  et_pb_text_align_left et_pb_bg_layout_light\">\n\t\t\t\t\n\t\t\t\t\n\t\t\t\t<div class=\"et_pb_text_inner\" data-et-multi-view=\"{&quot;schema&quot;:{&quot;content&quot;:{&quot;desktop&quot;:&quot;&lt;p&gt;KARRIERE&lt;\\\/p&gt;&quot;,&quot;tablet&quot;:&quot;&lt;p&gt;&lt;label style=\\&quot;color: #ddd;\\&quot;&gt;Unternehmen\\\/&lt;\\\/label&gt; Karriere&lt;\\\/p&gt;&quot;,&quot;phone&quot;:&quot;&quot;}},&quot;slug&quot;:&quot;et_pb_text&quot;}\" data-et-multi-view-load-tablet-hidden=\"true\" data-et-multi-view-load-phone-hidden=\"true\"><p>KARRIERE<\/p><\/div>\n\t\t\t<\/div> <!-- .et_pb_text -->\n\t\t\t<\/div> <!-- .et_pb_column --><div class=\"et_pb_column et_pb_column_1_2 et_pb_column_1  et_pb_css_mix_blend_mode et-last-child\">\n\t\t\t\t\n\t\t\t\t\n\t\t\t\t<div class=\"et_pb_module et_pb_text et_pb_text_1 et_clickable  et_pb_text_align_right et_pb_bg_layout_light\">\n\t\t\t\t\n\t\t\t\t\n\t\t\t\t<div class=\"et_pb_text_inner\">Unternehmen<\/div>\n\t\t\t<\/div> <!-- .et_pb_text -->\n\t\t\t<\/div> <!-- .et_pb_column -->\n\t\t\t\t\n\t\t\t\t\n\t\t\t<\/div> <!-- .et_pb_row -->\n\t\t\t\t\n\t\t\t\t\n\t\t\t<\/div> <!-- .et_pb_section --><div id=\"cqs_section\" class=\"et_pb_section et_pb_section_1  et_pb_css_mix_blend_mode et_section_regular\" >\n\t\t\t\t\n\t\t\t\t\n\t\t\t\t\n\t\t\t\t\n\t\t\t\t\t<div id=\"article_row\" class=\"et_pb_row et_pb_row_1  et_pb_css_mix_blend_mode\">\n\t\t\t\t<div class=\"et_pb_column et_pb_column_1_4 et_pb_column_2  et_pb_css_mix_blend_mode\">\n\t\t\t\t\n\t\t\t\t\n\t\t\t\t<div id=\"article_sidemenu\" class=\"et_pb_module et_pb_text et_pb_text_2 et_clickable  et_pb_text_align_left et_pb_bg_layout_light\">\n\t\t\t\t\n\t\t\t\t\n\t\t\t\t<div class=\"et_pb_text_inner\"><p><i class=\"fas fa-landmark\"><\/i>\u00a0 \u00a0 \u00dcber <em>CHEQSITE<\/em><\/p>\n<\/div>\n\t\t\t<\/div> <!-- .et_pb_text --><div id=\"article_sidemenu\" class=\"et_pb_module et_pb_text et_pb_text_3 et_clickable  et_pb_text_align_left et_pb_bg_layout_light\">\n\t\t\t\t\n\t\t\t\t\n\t\t\t\t<div class=\"et_pb_text_inner\"><p><i class=\"fas fa-users\"><\/i>\u00a0 \u00a0 Karriere<\/p>\n<\/div>\n\t\t\t<\/div> <!-- .et_pb_text --><div id=\"article_sidemenu\" class=\"et_pb_module et_pb_text et_pb_text_4 et_clickable  et_pb_text_align_left et_pb_bg_layout_light\">\n\t\t\t\t\n\t\t\t\t\n\t\t\t\t<div class=\"et_pb_text_inner\"><p><i class=\"fas fa-envelope\"><\/i>\u00a0 \u00a0 Kontakt<\/p>\n<\/div>\n\t\t\t<\/div> <!-- .et_pb_text -->\n\t\t\t<\/div> <!-- .et_pb_column --><div class=\"et_pb_column et_pb_column_3_4 et_pb_column_3  et_pb_css_mix_blend_mode et-last-child\">\n\t\t\t\t\n\t\t\t\t\n\t\t\t\t<div class=\"et_pb_module et_pb_text et_pb_text_5  et_pb_text_align_left et_pb_bg_layout_light\">\n\t\t\t\t\n\t\t\t\t\n\t\t\t\t<div class=\"et_pb_text_inner\"><h3>Werde Teil des <em>CHEQSITE<\/em>-Teams!<\/h3><\/div>\n\t\t\t<\/div> <!-- .et_pb_text --><div id=\"default_text\" class=\"et_pb_module et_pb_text et_pb_text_6  et_pb_text_align_left et_pb_bg_layout_light\">\n\t\t\t\t\n\t\t\t\t\n\t\t\t\t<div class=\"et_pb_text_inner\"><p><i data-stringify-type=\"italic\">CHEQSITE<\/i><span>\u00a0produziert moderne Business-Software f\u00fcr die Pr\u00fcfung und Instandhaltung von Betriebsmitteln und Betriebsst\u00e4tten. F\u00fchrende Unternehmen aus Industrie, Logistik, Bau und Einzelhandel pr\u00fcfen mit unseren Applikationen. Wir lieben es mit den neuesten Tools und Technologien zu arbeiten und begr\u00fc\u00dfen alle, die sich kontinuierlich weiterentwickeln m\u00f6chten und mit uns gemeinsam die Anwendungen der n\u00e4chsten Generation umsetzen.<\/span><\/p>\n<p><span aria-label=\"\" class=\"c-mrkdwn__br\" data-stringify-type=\"paragraph-break\"><\/span><span>Wir sind aktuell auf der Suche nach neuen Kolleginnen und Kollegen, die Spa\u00df an der Entwicklung und Vermarktung von Apps und Software haben. F\u00fcr eventuelle Fragen stehen wir Dir gerne zur Verf\u00fcgung. Bitte nutze das Kontaktformular auf dieser Webseite oder rufe uns einfach an. Wir freuen uns auf Deine Nachricht.<\/span><\/p><\/div>\n\t\t\t<\/div> <!-- .et_pb_text --><div id=\"default_text_bold\" class=\"et_pb_module et_pb_text et_pb_text_7  et_pb_text_align_left et_pb_bg_layout_light\">\n\t\t\t\t\n\t\t\t\t\n\t\t\t\t<div class=\"et_pb_text_inner\"><p>F\u00fcr unser festes Team suchen wir ab sofort (Voll-\/Teilzeit):<\/p><\/div>\n\t\t\t<\/div> <!-- .et_pb_text --><div id=\"box_bulletitem\" class=\"et_pb_module et_pb_blurb et_pb_blurb_0 sales  et_pb_text_align_left  et_pb_blurb_position_left et_pb_bg_layout_light\">\n\t\t\t\t\n\t\t\t\t\n\t\t\t\t<div class=\"et_pb_blurb_content\">\n\t\t\t\t\t<div class=\"et_pb_main_blurb_image et_pb_css_mix_blend_mode\"><span class=\"et_pb_image_wrap\"><span class=\"et-waypoint et_pb_animation_off et_pb_animation_off_tablet et_pb_animation_off_phone et-pb-icon et-pb-icon-circle et-pb-icon-circle-border\">&#xe0e9;<\/span><\/span><\/div>\n\t\t\t\t\t<div class=\"et_pb_blurb_container\">\n\t\t\t\t\t\t<h4 class=\"et_pb_module_header\"><span>SALES UND MARKETING MANAGER<\/span><\/h4>\n\t\t\t\t\t\t<div class=\"et_pb_blurb_description\"><p style=\"color: #858d91 !important;\">Business-Apps, Software und Web-Anwendungen. <a href=\"https:\/\/cheqsite.de\/wp-content\/uploads\/2022\/04\/Application-1A-dan-InsideSalesConsultantCQSv.1.1.pdf\">Mehr erfahren<\/a><\/p>\n<\/div>\n\t\t\t\t\t<\/div>\n\t\t\t\t<\/div> <!-- .et_pb_blurb_content -->\n\t\t\t<\/div> <!-- .et_pb_blurb --><div id=\"box_bulletitem\" class=\"et_pb_module et_pb_blurb et_pb_blurb_1 web  et_pb_text_align_left  et_pb_blurb_position_left et_pb_bg_layout_light\">\n\t\t\t\t\n\t\t\t\t\n\t\t\t\t<div class=\"et_pb_blurb_content\">\n\t\t\t\t\t<div class=\"et_pb_main_blurb_image et_pb_css_mix_blend_mode\"><span class=\"et_pb_image_wrap\"><span class=\"et-waypoint et_pb_animation_off et_pb_animation_off_tablet et_pb_animation_off_phone et-pb-icon et-pb-icon-circle et-pb-icon-circle-border\">&#x77;<\/span><\/span><\/div>\n\t\t\t\t\t<div class=\"et_pb_blurb_container\">\n\t\t\t\t\t\t<h4 class=\"et_pb_module_header\"><span>FULL STACK SOFTWARE DEVELOPER<\/span><\/h4>\n\t\t\t\t\t\t<div class=\"et_pb_blurb_description\"><p style=\"color: #858d91 !important;\"><span>Fokus Front-End oder Back-End<\/span>\u00a0<a href=\"\/wp-content\/uploads\/2025\/03\/Application-1A-dan-Web-Developer-CQS-v.3.3-Stepstone-Web-Full-Stack-adjusted-more-senior-DE.pdf\" target=\"_blank\" rel=\"noopener\">Mehr erfahren<\/a><\/p>\n<\/div>\n\t\t\t\t\t<\/div>\n\t\t\t\t<\/div> <!-- .et_pb_blurb_content -->\n\t\t\t<\/div> <!-- .et_pb_blurb --><div id=\"box_bulletitem\" class=\"et_pb_module et_pb_blurb et_pb_blurb_2 mobile  et_pb_text_align_left  et_pb_blurb_position_left et_pb_bg_layout_light\">\n\t\t\t\t\n\t\t\t\t\n\t\t\t\t<div class=\"et_pb_blurb_content\">\n\t\t\t\t\t<div class=\"et_pb_main_blurb_image et_pb_css_mix_blend_mode\"><span class=\"et_pb_image_wrap\"><span class=\"et-waypoint et_pb_animation_off et_pb_animation_off_tablet et_pb_animation_off_phone et-pb-icon et-pb-icon-circle et-pb-icon-circle-border\">&#x77;<\/span><\/span><\/div>\n\t\t\t\t\t<div class=\"et_pb_blurb_container\">\n\t\t\t\t\t\t<h4 class=\"et_pb_module_header\"><span>MOBILE SOFTWARE DEVELOPER<\/span><\/h4>\n\t\t\t\t\t\t<div class=\"et_pb_blurb_description\"><p style=\"color: #858d91 !important;\"><span>Fokus Android, iOS or Flutter \/ Dart<\/span>\u00a0<a href=\"\/wp-content\/uploads\/2024\/09\/Application-1A-dan-Web-Developer-CQS-v.3.2-Stepstone-MDeveloper.pdf\" target=\"_blank\" rel=\"noopener\">Mehr erfahren<\/a><\/p><\/div>\n\t\t\t\t\t<\/div>\n\t\t\t\t<\/div> <!-- .et_pb_blurb_content -->\n\t\t\t<\/div> <!-- .et_pb_blurb --><div id=\"default_text\" class=\"et_pb_module et_pb_text et_pb_text_8  et_pb_text_align_left et_pb_bg_layout_light\">\n\t\t\t\t\n\t\t\t\t\n\t\t\t\t<div class=\"et_pb_text_inner\"><p>F\u00fcr die Unterst\u00fctzung unseres studentischen Teams suchen wir ab sofort (Job, Praktikum, Abschlussarbeit):<\/p><\/div>\n\t\t\t<\/div> <!-- .et_pb_text --><div id=\"box_bulletitem\" class=\"et_pb_module et_pb_blurb et_pb_blurb_3 student_online  et_pb_text_align_left  et_pb_blurb_position_left et_pb_bg_layout_light\">\n\t\t\t\t\n\t\t\t\t\n\t\t\t\t<div class=\"et_pb_blurb_content\">\n\t\t\t\t\t<div class=\"et_pb_main_blurb_image et_pb_css_mix_blend_mode\"><span class=\"et_pb_image_wrap\"><span class=\"et-waypoint et_pb_animation_off et_pb_animation_off_tablet et_pb_animation_off_phone et-pb-icon et-pb-icon-circle et-pb-icon-circle-border\">&#x77;<\/span><\/span><\/div>\n\t\t\t\t\t<div class=\"et_pb_blurb_container\">\n\t\t\t\t\t\t<h4 class=\"et_pb_module_header\"><span>STUDENT ONLINE MARKETING \/ ONLINE VERTRIEB<\/span><\/h4>\n\t\t\t\t\t\t<div class=\"et_pb_blurb_description\"><p style=\"color: #858d91 !important;\">Vermarktung Apps, Software und IT-Dienstleistungen.<a href=\"\/wp-content\/uploads\/2021\/07\/Vertrieb-Marketing-Studenten-CQS.pdf\" target=\"_blank\" rel=\"noopener\"> Mehr erfahren ...<\/a><\/p>\n<\/div>\n\t\t\t\t\t<\/div>\n\t\t\t\t<\/div> <!-- .et_pb_blurb_content -->\n\t\t\t<\/div> <!-- .et_pb_blurb --><div id=\"box_bulletitem\" class=\"et_pb_module et_pb_blurb et_pb_blurb_4 student_app  et_pb_text_align_left  et_pb_blurb_position_left et_pb_bg_layout_light\">\n\t\t\t\t\n\t\t\t\t\n\t\t\t\t<div class=\"et_pb_blurb_content\">\n\t\t\t\t\t<div class=\"et_pb_main_blurb_image et_pb_css_mix_blend_mode\"><span class=\"et_pb_image_wrap\"><span class=\"et-waypoint et_pb_animation_off et_pb_animation_off_tablet et_pb_animation_off_phone et-pb-icon et-pb-icon-circle et-pb-icon-circle-border\">&#xe00b;<\/span><\/span><\/div>\n\t\t\t\t\t<div class=\"et_pb_blurb_container\">\n\t\t\t\t\t\t<h4 class=\"et_pb_module_header\"><span>STUDENT APP- UND SOFTWARE-ENTWICKLUNG<\/span><\/h4>\n\t\t\t\t\t\t<div class=\"et_pb_blurb_description\"><p style=\"color: #858d91 !important;\">iOS, Android, Web, .NET, Front-End oder Back-End, etc.<a href=\"\/wp-content\/uploads\/2021\/07\/App-Software-Entwickler-Studenten-CQS.pdf.pdf\" target=\"_blank\" rel=\"noopener\"> Mehr erfahren ...<\/a><\/p>\n<\/div>\n\t\t\t\t\t<\/div>\n\t\t\t\t<\/div> <!-- .et_pb_blurb_content -->\n\t\t\t<\/div> <!-- .et_pb_blurb --><div class=\"et_pb_module et_pb_code et_pb_code_0\">\n\t\t\t\t\n\t\t\t\t\n\t\t\t\t<div class=\"et_pb_code_inner\"><script>\njQuery(document).ready(function(){\n  \n    jQuery(\".sales .et-pb-icon\").remove();\n    jQuery(\".sales .et_pb_image_wrap\").prepend(\"<span><i class='fa fa-line-chart'><\/i><\/span>\")\n\n    jQuery(\".web .et-pb-icon\").remove();\n    jQuery(\".web .et_pb_image_wrap\").prepend(\"<span><i class='fa fa-code'><\/i><\/span>\")\n\n    jQuery(\".mobile .et-pb-icon\").remove();\n    jQuery(\".mobile .et_pb_image_wrap\").prepend(\"<span><i class='fa fa-tablet'><\/i><\/span>\")\n\n    jQuery(\".student_online .et-pb-icon\").remove();\n    jQuery(\".student_online .et_pb_image_wrap\").prepend(\"<span><i class='fa fa-comments'><\/i><\/span>\")\n\n    jQuery(\".student_app .et-pb-icon\").remove();\n    jQuery(\".student_app .et_pb_image_wrap\").prepend(\"<span><i class='fa fa-terminal'><\/i><\/span>\")\n})  \n<\/script>\n\n\n<style>\n.mobile .et_pb_image_wrap, .sales .et_pb_image_wrap, .web .et_pb_image_wrap, .student_online .et_pb_image_wrap, .student_app .et_pb_image_wrap { \n  \n\t\twidth: 40px;\n    height: 40px;\n    line-height: 40px;\n    text-align: center;\n    background-color: #04B1E4;\n    color: #fff;\n  \tfont-style: normal;\n    font-variant: normal;\n  \tfont-weight:400;\n    font-size: 20px;\n    transform: translate(0,0);\n    -webkit-box-shadow: 2px 2px 1px 0px rgb(0 0 0 \/ 10%);\n}\n<\/style>\n\n<\/div>\n\t\t\t<\/div> <!-- .et_pb_code -->\n\t\t\t<\/div> <!-- .et_pb_column -->\n\t\t\t\t\n\t\t\t\t\n\t\t\t<\/div> <!-- .et_pb_row -->\n\t\t\t\t\n\t\t\t\t\n\t\t\t<\/div> <!-- .et_pb_section -->\t\t<\/div><!-- .et_builder_inner_content -->\n\t<\/div><!-- .et-l -->\n\t\n\t\t\t\n\t\t<\/div><!-- #et-boc -->\n\t\t","protected":false},"excerpt":{"rendered":"<p>Wir suchen Software-Entwickler und Mitarbeiter f\u00fcr Marketing und Vertrieb &#8211; Informationen f\u00fcr Bewerber \u00fcber offene bzw. zu besetzende Stellen.<\/p>\n","protected":false},"author":8,"featured_media":0,"parent":320,"menu_order":0,"comment_status":"closed","ping_status":"closed","template":"","meta":{"_et_pb_use_builder":"on","_et_pb_old_content":"","_et_gb_content_width":"","_monsterinsights_skip_tracking":false,"_monsterinsights_sitenote_active":false,"_monsterinsights_sitenote_note":"","_monsterinsights_sitenote_category":0,"footnotes":""},"wf_page_folders":[52],"class_list":["post-360","page","type-page","status-publish","hentry"],"yoast_head":"<!-- This site is optimized with the Yoast SEO plugin v26.9 - https:\/\/yoast.com\/product\/yoast-seo-wordpress\/ -->\n<title>Karriere - CHEQSITE<\/title>\n<meta name=\"description\" content=\"Wir suchen Software-Entwickler und Mitarbeiter f\u00fcr Marketing und Vertrieb - Informationen f\u00fcr Bewerber \u00fcber offene bzw. zu besetzende Stellen.\" \/>\n<meta name=\"robots\" content=\"index, follow, max-snippet:-1, max-image-preview:large, max-video-preview:-1\" \/>\n<link rel=\"canonical\" href=\"https:\/\/www.cheqsite.de\/de\/unternehmen\/karriere\/\" \/>\n<meta property=\"og:locale\" content=\"de_DE\" \/>\n<meta property=\"og:type\" content=\"article\" \/>\n<meta property=\"og:title\" content=\"Karriere - CHEQSITE\" \/>\n<meta property=\"og:description\" content=\"Wir suchen Software-Entwickler und Mitarbeiter f\u00fcr Marketing und Vertrieb - Informationen f\u00fcr Bewerber \u00fcber offene bzw. zu besetzende Stellen.\" \/>\n<meta property=\"og:url\" content=\"https:\/\/www.cheqsite.de\/de\/unternehmen\/karriere\/\" \/>\n<meta property=\"og:site_name\" content=\"Cheqsite\" \/>\n<meta property=\"article:modified_time\" content=\"2025-03-27T14:53:37+00:00\" \/>\n<meta name=\"twitter:card\" content=\"summary_large_image\" \/>\n<meta name=\"twitter:label1\" content=\"Gesch\u00e4tzte Lesezeit\" \/>\n\t<meta name=\"twitter:data1\" content=\"1\u00a0Minute\" \/>\n<script type=\"application\/ld+json\" class=\"yoast-schema-graph\">{\"@context\":\"https:\/\/schema.org\",\"@graph\":[{\"@type\":\"WebPage\",\"@id\":\"https:\/\/www.cheqsite.de\/de\/unternehmen\/karriere\/\",\"url\":\"https:\/\/www.cheqsite.de\/de\/unternehmen\/karriere\/\",\"name\":\"Karriere - CHEQSITE\",\"isPartOf\":{\"@id\":\"https:\/\/www.cheqsite.de\/de\/#website\"},\"datePublished\":\"2020-08-27T12:40:27+00:00\",\"dateModified\":\"2025-03-27T14:53:37+00:00\",\"description\":\"Wir suchen Software-Entwickler und Mitarbeiter f\u00fcr Marketing und Vertrieb - Informationen f\u00fcr Bewerber \u00fcber offene bzw. zu besetzende Stellen.\",\"breadcrumb\":{\"@id\":\"https:\/\/www.cheqsite.de\/de\/unternehmen\/karriere\/#breadcrumb\"},\"inLanguage\":\"de\",\"potentialAction\":[{\"@type\":\"ReadAction\",\"target\":[\"https:\/\/www.cheqsite.de\/de\/unternehmen\/karriere\/\"]}]},{\"@type\":\"BreadcrumbList\",\"@id\":\"https:\/\/www.cheqsite.de\/de\/unternehmen\/karriere\/#breadcrumb\",\"itemListElement\":[{\"@type\":\"ListItem\",\"position\":1,\"name\":\"Startseite\",\"item\":\"https:\/\/www.cheqsite.de\/de\/\"},{\"@type\":\"ListItem\",\"position\":2,\"name\":\"Unternehmen\",\"item\":\"https:\/\/www.cheqsite.de\/de\/unternehmen\/\"},{\"@type\":\"ListItem\",\"position\":3,\"name\":\"Karriere\"}]},{\"@type\":\"WebSite\",\"@id\":\"https:\/\/www.cheqsite.de\/de\/#website\",\"url\":\"https:\/\/www.cheqsite.de\/de\/\",\"name\":\"Cheqsite\",\"description\":\"\",\"publisher\":{\"@id\":\"https:\/\/www.cheqsite.de\/de\/#organization\"},\"potentialAction\":[{\"@type\":\"SearchAction\",\"target\":{\"@type\":\"EntryPoint\",\"urlTemplate\":\"https:\/\/www.cheqsite.de\/de\/?s={search_term_string}\"},\"query-input\":{\"@type\":\"PropertyValueSpecification\",\"valueRequired\":true,\"valueName\":\"search_term_string\"}}],\"inLanguage\":\"de\"},{\"@type\":\"Organization\",\"@id\":\"https:\/\/www.cheqsite.de\/de\/#organization\",\"name\":\"Cheqsite\",\"url\":\"https:\/\/www.cheqsite.de\/de\/\",\"logo\":{\"@type\":\"ImageObject\",\"inLanguage\":\"de\",\"@id\":\"https:\/\/www.cheqsite.de\/de\/#\/schema\/logo\/image\/\",\"url\":\"https:\/\/www.cheqsite.de\/wp-content\/uploads\/2020\/08\/cropped-cheqsite.png\",\"contentUrl\":\"https:\/\/www.cheqsite.de\/wp-content\/uploads\/2020\/08\/cropped-cheqsite.png\",\"width\":441,\"height\":112,\"caption\":\"Cheqsite\"},\"image\":{\"@id\":\"https:\/\/www.cheqsite.de\/de\/#\/schema\/logo\/image\/\"},\"sameAs\":[\"https:\/\/www.youtube.com\/channel\/UCqOC0NkT4Jcq5ueEVHE6YHg\"]}]}<\/script>\n<!-- \/ Yoast SEO plugin. -->","yoast_head_json":{"title":"Karriere - CHEQSITE","description":"Wir suchen Software-Entwickler und Mitarbeiter f\u00fcr Marketing und Vertrieb - Informationen f\u00fcr Bewerber \u00fcber offene bzw. zu besetzende Stellen.","robots":{"index":"index","follow":"follow","max-snippet":"max-snippet:-1","max-image-preview":"max-image-preview:large","max-video-preview":"max-video-preview:-1"},"canonical":"https:\/\/www.cheqsite.de\/de\/unternehmen\/karriere\/","og_locale":"de_DE","og_type":"article","og_title":"Karriere - CHEQSITE","og_description":"Wir suchen Software-Entwickler und Mitarbeiter f\u00fcr Marketing und Vertrieb - Informationen f\u00fcr Bewerber \u00fcber offene bzw. zu besetzende Stellen.","og_url":"https:\/\/www.cheqsite.de\/de\/unternehmen\/karriere\/","og_site_name":"Cheqsite","article_modified_time":"2025-03-27T14:53:37+00:00","twitter_card":"summary_large_image","twitter_misc":{"Gesch\u00e4tzte Lesezeit":"1\u00a0Minute"},"schema":{"@context":"https:\/\/schema.org","@graph":[{"@type":"WebPage","@id":"https:\/\/www.cheqsite.de\/de\/unternehmen\/karriere\/","url":"https:\/\/www.cheqsite.de\/de\/unternehmen\/karriere\/","name":"Karriere - CHEQSITE","isPartOf":{"@id":"https:\/\/www.cheqsite.de\/de\/#website"},"datePublished":"2020-08-27T12:40:27+00:00","dateModified":"2025-03-27T14:53:37+00:00","description":"Wir suchen Software-Entwickler und Mitarbeiter f\u00fcr Marketing und Vertrieb - Informationen f\u00fcr Bewerber \u00fcber offene bzw. zu besetzende Stellen.","breadcrumb":{"@id":"https:\/\/www.cheqsite.de\/de\/unternehmen\/karriere\/#breadcrumb"},"inLanguage":"de","potentialAction":[{"@type":"ReadAction","target":["https:\/\/www.cheqsite.de\/de\/unternehmen\/karriere\/"]}]},{"@type":"BreadcrumbList","@id":"https:\/\/www.cheqsite.de\/de\/unternehmen\/karriere\/#breadcrumb","itemListElement":[{"@type":"ListItem","position":1,"name":"Startseite","item":"https:\/\/www.cheqsite.de\/de\/"},{"@type":"ListItem","position":2,"name":"Unternehmen","item":"https:\/\/www.cheqsite.de\/de\/unternehmen\/"},{"@type":"ListItem","position":3,"name":"Karriere"}]},{"@type":"WebSite","@id":"https:\/\/www.cheqsite.de\/de\/#website","url":"https:\/\/www.cheqsite.de\/de\/","name":"Cheqsite","description":"","publisher":{"@id":"https:\/\/www.cheqsite.de\/de\/#organization"},"potentialAction":[{"@type":"SearchAction","target":{"@type":"EntryPoint","urlTemplate":"https:\/\/www.cheqsite.de\/de\/?s={search_term_string}"},"query-input":{"@type":"PropertyValueSpecification","valueRequired":true,"valueName":"search_term_string"}}],"inLanguage":"de"},{"@type":"Organization","@id":"https:\/\/www.cheqsite.de\/de\/#organization","name":"Cheqsite","url":"https:\/\/www.cheqsite.de\/de\/","logo":{"@type":"ImageObject","inLanguage":"de","@id":"https:\/\/www.cheqsite.de\/de\/#\/schema\/logo\/image\/","url":"https:\/\/www.cheqsite.de\/wp-content\/uploads\/2020\/08\/cropped-cheqsite.png","contentUrl":"https:\/\/www.cheqsite.de\/wp-content\/uploads\/2020\/08\/cropped-cheqsite.png","width":441,"height":112,"caption":"Cheqsite"},"image":{"@id":"https:\/\/www.cheqsite.de\/de\/#\/schema\/logo\/image\/"},"sameAs":["https:\/\/www.youtube.com\/channel\/UCqOC0NkT4Jcq5ueEVHE6YHg"]}]}},"_links":{"self":[{"href":"https:\/\/www.cheqsite.de\/de\/wp-json\/wp\/v2\/pages\/360","targetHints":{"allow":["GET"]}}],"collection":[{"href":"https:\/\/www.cheqsite.de\/de\/wp-json\/wp\/v2\/pages"}],"about":[{"href":"https:\/\/www.cheqsite.de\/de\/wp-json\/wp\/v2\/types\/page"}],"author":[{"embeddable":true,"href":"https:\/\/www.cheqsite.de\/de\/wp-json\/wp\/v2\/users\/8"}],"replies":[{"embeddable":true,"href":"https:\/\/www.cheqsite.de\/de\/wp-json\/wp\/v2\/comments?post=360"}],"version-history":[{"count":15,"href":"https:\/\/www.cheqsite.de\/de\/wp-json\/wp\/v2\/pages\/360\/revisions"}],"predecessor-version":[{"id":27758,"href":"https:\/\/www.cheqsite.de\/de\/wp-json\/wp\/v2\/pages\/360\/revisions\/27758"}],"up":[{"embeddable":true,"href":"https:\/\/www.cheqsite.de\/de\/wp-json\/wp\/v2\/pages\/320"}],"wp:attachment":[{"href":"https:\/\/www.cheqsite.de\/de\/wp-json\/wp\/v2\/media?parent=360"}],"wp:term":[{"taxonomy":"wf_page_folders","embeddable":true,"href":"https:\/\/www.cheqsite.de\/de\/wp-json\/wp\/v2\/wf_page_folders?post=360"}],"curies":[{"name":"wp","href":"https:\/\/api.w.org\/{rel}","templated":true}]}}